{"id":56956,"date":"2022-06-28T08:56:51","date_gmt":"2022-06-28T12:56:51","guid":{"rendered":"https:\/\/cags-accg.ca\/resident-handbook\/"},"modified":"2024-02-12T11:26:09","modified_gmt":"2024-02-12T16:26:09","slug":"guide-de-survie-residence","status":"publish","type":"page","link":"https:\/\/cags-accg.ca\/fr\/guide-de-survie-residence\/","title":{"rendered":"L&#8217;ACCG Guide de Survie \u00e0 la R\u00e9sidence"},"content":{"rendered":"<p style=\"text-align: right;\"><a href=\"https:\/\/cags-accg.ca\/resident-handbook\/\"><em>English version<\/em><\/a><\/p>\n<h1><span style=\"font-weight: 400; color: #c19469;\">Bienvenue en chirurgie g\u00e9n\u00e9rale !<\/span><\/h1>\n<h2>F\u00e9licitations pour votre jumelage! Bienvenue \u00e0 la r\u00e9sidence et \u00e0 l\u2019<i>Association canadienne des chirurgiens g\u00e9n\u00e9raux<\/i>. Nous avons tr\u00e8s h\u00e2te de vous accueillir au sein de l\u2019ACCG et de pouvoir vous consid\u00e9rer comme des coll\u00e8gues.<\/h2>\n<p class=\"p1\">Ce guide a \u00e9t\u00e9 d\u00e9velopp\u00e9 pour les r\u00e9sidents en chirurgie g\u00e9n\u00e9rale par le <i>Comit\u00e9 des r\u00e9sidents de l\u2019association canadienne de chirurgiens g\u00e9n\u00e9raux<\/i>. Le comit\u00e9 est compos\u00e9 de dix-sept r\u00e9sidents et repr\u00e9sente la totalit\u00e9 des programmes de chirurgie g\u00e9n\u00e9rale au pays. Nous avons rassembl\u00e9 diverses ressources qui, nous l&#8217;esp\u00e9rons, vous aideront tout au long de votre parcours en tant que r\u00e9sident et dans votre carri\u00e8re de chirurgien g\u00e9n\u00e9ral. Nous avons \u00e9galement essay\u00e9 de r\u00e9pondre \u00e0 certaines des questions qui se poseront probablement pendant votre formation concernant l&#8217;apprentissage par APC, les choix de stages, les bourses et la recherche d&#8217;emploi. Le manuel du r\u00e9sident est mis \u00e0 jour chaque ann\u00e9e.<\/p>\n<p class=\"p1\">Allez jeter un coup d\u2019\u0153il \u00e0 la page Facebook des r\u00e9sidents \u00ab <a href=\"https:\/\/www.facebook.com\/pages\/CAGS-Residents\/168394599975811\"><span class=\"s1\">R\u00e9sidents de l\u2019ACCG<\/span><\/a>\u00a0\u00bb<span class=\"Apple-converted-space\">\u00a0 <\/span>pour des articles int\u00e9ressants et des nouvelles en chirurgie g\u00e9n\u00e9rale. Assurez-vous de vous y abonner.<span class=\"Apple-converted-space\">\u00a0<\/span><\/p>\n<p class=\"p1\">Vous pouvez aussi suivre notre compte Twitter \u00ab\u00a0<a href=\"https:\/\/twitter.com\/cags_residents\" target=\"_blank\" rel=\"noopener\">@CAGS_Residents<\/a>\u00a0\u00bb ainsi que sur notre compte Instagram \u00ab <a href=\"https:\/\/www.instagram.com\/cags_residents\/\" target=\"_blank\" rel=\"noopener\">@cags_residents<\/a> \u00bb<\/p>\n<p class=\"p1\"><i>Notez que la forme masculine est utilis\u00e9e pour all\u00e9ger le document. <strong><a href=\"http:\/\/cags-accg.ca\/wp-content\/uploads\/2024\/02\/Livre-du-resident-FR-23-24-Final-1.pdf\" target=\"_blank\" rel=\"noopener\">T\u00e9l\u00e9chargez le pdf.<\/a><\/strong><\/i><\/p>\n","protected":false},"excerpt":{"rendered":"<p>English version Bienvenue en chirurgie g\u00e9n\u00e9rale ! F\u00e9licitations pour votre jumelage! Bienvenue \u00e0 la r\u00e9sidence et \u00e0 l\u2019Association canadienne des chirurgiens g\u00e9n\u00e9raux. Nous avons tr\u00e8s h\u00e2te de vous accueillir au sein de l\u2019ACCG et de pouvoir vous consid\u00e9rer comme des coll\u00e8gues. Ce guide a \u00e9t\u00e9 d\u00e9velopp\u00e9 pour les r\u00e9sidents en chirurgie g\u00e9n\u00e9rale par le Comit\u00e9 [&hellip;]<\/p>\n","protected":false},"author":8138,"featured_media":0,"parent":0,"menu_order":0,"comment_status":"closed","ping_status":"closed","template":"","meta":{"_bbp_topic_count":0,"_bbp_reply_count":0,"_bbp_total_topic_count":0,"_bbp_total_reply_count":0,"_bbp_voice_count":0,"_bbp_anonymous_reply_count":0,"_bbp_topic_count_hidden":0,"_bbp_reply_count_hidden":0,"_bbp_forum_subforum_count":0,"footnotes":""},"categories":[],"class_list":["post-56956","page","type-page","status-publish","hentry","user-has-not-earned"],"_links":{"self":[{"href":"https:\/\/cags-accg.ca\/fr\/wp-json\/wp\/v2\/pages\/56956","targetHints":{"allow":["GET"]}}],"collection":[{"href":"https:\/\/cags-accg.ca\/fr\/wp-json\/wp\/v2\/pages"}],"about":[{"href":"https:\/\/cags-accg.ca\/fr\/wp-json\/wp\/v2\/types\/page"}],"author":[{"embeddable":true,"href":"https:\/\/cags-accg.ca\/fr\/wp-json\/wp\/v2\/users\/8138"}],"replies":[{"embeddable":true,"href":"https:\/\/cags-accg.ca\/fr\/wp-json\/wp\/v2\/comments?post=56956"}],"version-history":[{"count":5,"href":"https:\/\/cags-accg.ca\/fr\/wp-json\/wp\/v2\/pages\/56956\/revisions"}],"predecessor-version":[{"id":57084,"href":"https:\/\/cags-accg.ca\/fr\/wp-json\/wp\/v2\/pages\/56956\/revisions\/57084"}],"wp:attachment":[{"href":"https:\/\/cags-accg.ca\/fr\/wp-json\/wp\/v2\/media?parent=56956"}],"wp:term":[{"taxonomy":"category","embeddable":true,"href":"https:\/\/cags-accg.ca\/fr\/wp-json\/wp\/v2\/categories?post=56956"}],"curies":[{"name":"wp","href":"https:\/\/api.w.org\/{rel}","templated":true}]}}