{"id":56962,"date":"2024-02-10T12:26:05","date_gmt":"2024-02-10T17:26:05","guid":{"rendered":"https:\/\/cags-accg.ca\/?page_id=56962"},"modified":"2024-02-10T12:26:05","modified_gmt":"2024-02-10T17:26:05","slug":"a-propos-accg","status":"publish","type":"page","link":"https:\/\/cags-accg.ca\/fr\/guide-de-survie-residence\/a-propos-accg\/","title":{"rendered":"\u00c0 propos de l\u2019ACCG et le comit\u00e9 des r\u00e9sidents"},"content":{"rendered":"<div class=\"wpb-content-wrapper\">[vc_row][vc_column][vc_column_text]\n<h3><span style=\"color: #c19469;\">L\u2019Association canadien des chirurgiens g\u00e9n\u00e9raux est la seule organisation enti\u00e8rement d\u00e9di\u00e9e \u00e0 la repr\u00e9sentation des int\u00e9r\u00eats des chirurgiens g\u00e9n\u00e9raux au Canada.<\/span><\/h3>\n[\/vc_column_text][vc_column_text]\u00c9tant r\u00e9sident en chirurgie au Canada, vos frais d\u2019adh\u00e9sions sont couverts par votre programme. Nous vous invitons \u00e0 explorer les avantages de membre sur notre site web. Voici certains exemples:[\/vc_column_text][vc_separator color=&#8221;custom&#8221; border_width=&#8221;2&#8243; el_width=&#8221;80&#8243; accent_color=&#8221;#9e2432&#8243;][vc_column_text]\n<h2><span style=\"color: #9e2432;\">Avantages des membres de L\u2019ACCG<\/span><\/h2>\n[\/vc_column_text][vc_column_text]Repr\u00e9sentation des r\u00e9sidents au Conseil d&#8217;administration et d\u2019autres comit\u00e9s de L\u2019ACCG<\/p>\n<p><a href=\"https:\/\/cags-accg.ca\/education\/cags-exam-preparation\/\">Ressources annuelles pour l\u2019examen de ACCG<\/a> et <a href=\"https:\/\/cags-accg.ca\/webinar-series\/\">webinaires de r\u00e9vision en ligne<\/a><\/p>\n<p>Sessions virtuelles des nombreux sujets cliniques et pratiques<\/p>\n<p><a href=\"https:\/\/cags-accg.member365.ca\/sharingnetwork\/event\">Calendrier des \u00e9v\u00e9nements nationaux <\/a><\/p>\n<p>Prix d&#8217;enseignement annuels pour les r\u00e9sidents<\/p>\n<p><a href=\"https:\/\/cags-accg.ca\/operating-grant-competition\/\">Comp\u00e9tition de bourse de recherche $40,000 annuel<\/a><\/p>\n<p>Bulletins mensuels<\/p>\n<p><a href=\"https:\/\/cags-accg.member365.ca\/sharingnetwork\/jobBoard\/searchJobDatabase\">Tableau d\u2019emploi<\/a><u> et fellowships<\/u><\/p>\n<p><a href=\"https:\/\/cags-accg.ca\/rural-surgery-workforce-development-initiative\/\">Programme de mentorat en chirurgie rurale<\/a><\/p>\n<p><a href=\"https:\/\/cags-accg.ca\/women-in-surgery-committee-mentorship-program\/\">Programme de mentorat pour les femmes en chirurgie <\/a><\/p>\n<p><a href=\"https:\/\/cags-accg.member365.ca\/sharingnetwork\/benefits\/searchBenefitDatabase\">R\u00e9compenses et rabais<\/a> avec: Goodlife Fitness, Perkopolis, TD Meloche Monnex<\/p>\n<p>Frais d\u2019abonnement r\u00e9duits avec le Journal Canadien de Chirurgie<\/p>\n<p>Plaidoyer en faveur de probl\u00e9matiques telles que le permis de travail et la planification des emplois<\/p>\n<p>Contenu con\u00e7u pour les<a href=\"https:\/\/cags-accg.ca\/education\/resident-research-corner\/\"> r\u00e9sidents qui met en lumi\u00e8re leurs travaux de recherches et leurs r\u00e9alisations<\/a>[\/vc_column_text][vc_separator color=&#8221;custom&#8221; border_width=&#8221;2&#8243; el_width=&#8221;80&#8243; accent_color=&#8221;#9e2432&#8243;][vc_column_text]\n<h2><span style=\"color: #9e2432;\">Le comit\u00e9 des r\u00e9sidents<\/span><\/h2>\n[\/vc_column_text][vc_column_text]Le comit\u00e9 de r\u00e9sidents est compos\u00e9 d\u2019un repr\u00e9sentant de chaque programme de chirurgie g\u00e9n\u00e9rale au Canada. Il se rencontre mensuellement pour adresser les sujets concernant les r\u00e9sidents en chirurgie canadiens. Les repr\u00e9sentants sur le comit\u00e9 sont aussi nomm\u00e9s directeurs d\u2019un certain projet sur lequel ils travaillent pour la dur\u00e9e de l\u2019ann\u00e9e scolaire.[\/vc_column_text][\/vc_column][\/vc_row][vc_row gap=&#8221;4&#8243; equal_height=&#8221;yes&#8221;][vc_column width=&#8221;1\/3&#8243; css=&#8221;.vc_custom_1656437715167{border-top-width: 1px !important;border-right-width: 1px !important;border-bottom-width: 1px !important;border-left-width: 1px !important;border-left-color: #e7e7e6 !important;border-left-style: solid !important;border-right-color: #e7e7e6 !important;border-right-style: solid !important;border-top-color: #e7e7e6 !important;border-top-style: solid !important;border-bottom-color: #e7e7e6 !important;border-bottom-style: solid !important;border-radius: 1px !important;}&#8221;][vc_column_text]\n<h3 style=\"text-align: center;\"><span style=\"font-weight: 400;\">Co-pr\u00e9sidentes<\/span><\/h3>\n[\/vc_column_text][vc_column_text]\n<p style=\"text-align: center;\">Repr\u00e9sentent le comit\u00e9 des r\u00e9sidents aux rencontres de l\u2019ACCG ayant des droits de votes et supportent les directeurs dans leurs r\u00f4les et projets respectifs<\/p>\n<p style=\"text-align: center;\"><em><span style=\"font-weight: 400;\">Sarah Mansouri (Sherbrooke)<br \/>\n<\/span><\/em>sarah.mansouri@usherbrooke.ca<\/p>\n<p style=\"text-align: center;\"><em><span style=\"font-weight: 400;\">Ashley Robinson (Dalhousie)<br \/>\nashley.m.robinson@dal.ca<br \/>\n<\/span><\/em><\/p>\n[\/vc_column_text][\/vc_column][vc_column width=&#8221;1\/3&#8243; css=&#8221;.vc_custom_1656437759638{border-top-width: 1px !important;border-right-width: 1px !important;border-bottom-width: 1px !important;border-left-width: 1px !important;border-left-color: #e7e7e6 !important;border-left-style: solid !important;border-right-color: #e7e7e6 !important;border-right-style: solid !important;border-top-color: #e7e7e6 !important;border-top-style: solid !important;border-bottom-color: #e7e7e6 !important;border-bottom-style: solid !important;border-radius: 1px !important;}&#8221;][vc_column_text]\n<h3 style=\"text-align: center;\"><span style=\"font-weight: 400;\">Directrices de parrainage\/sponsorship<\/span><\/h3>\n[\/vc_column_text][vc_column_text]\n<p style=\"text-align: center;\"><span style=\"font-weight: 400;\">Responsable pour la cr\u00e9ation et distribution des chapeaux chirurgicaux et s\u2019occupent de procurer la marchandise au nom de l\u2019ACCG.<\/span><\/p>\n<p style=\"text-align: center;\"><i>Brynn Aucoin (NOSM)<br \/>\nbaucoin@nosm.ca<\/i><\/p>\n[\/vc_column_text][\/vc_column][vc_column width=&#8221;1\/3&#8243; css=&#8221;.vc_custom_1656437773483{border-top-width: 1px !important;border-right-width: 1px !important;border-bottom-width: 1px !important;border-left-width: 1px !important;border-left-color: #e7e7e6 !important;border-left-style: solid !important;border-right-color: #e7e7e6 !important;border-right-style: solid !important;border-top-color: #e7e7e6 !important;border-top-style: solid !important;border-bottom-color: #e7e7e6 !important;border-bottom-style: solid !important;border-radius: 1px !important;}&#8221;][vc_column_text]\n<h3 style=\"text-align: center;\"><span style=\"font-weight: 400;\">Directeurs du manuel de L\u2019ACCG<\/span><\/h3>\n[\/vc_column_text][vc_column_text]\n<p style=\"text-align: center;\">Responsable de mettre ce manuel pour les r\u00e9sidents \u00e0 jour, inclure les ajouts et de le distribuer aux r\u00e9sidents canadiens en anglais et fran\u00e7ais<\/p>\n<p style=\"text-align: center;\"><em><span style=\"font-weight: 400;\">Josie Cipolla (McGill)<br \/>\njosie.cipolla@mail.mcgill.ca<\/span><\/em><\/p>\n<p style=\"text-align: center;\"><em><span style=\"font-weight: 400;\">Brynn Aucoin (NOSM)<br \/>\naghilse.abbad@umontreal.ca<\/span><\/em><\/p>\n[\/vc_column_text][\/vc_column][\/vc_row][vc_row][vc_column][vc_empty_space][\/vc_column][\/vc_row][vc_row gap=&#8221;4&#8243; equal_height=&#8221;yes&#8221;][vc_column width=&#8221;1\/3&#8243; css=&#8221;.vc_custom_1656437715167{border-top-width: 1px !important;border-right-width: 1px !important;border-bottom-width: 1px !important;border-left-width: 1px !important;border-left-color: #e7e7e6 !important;border-left-style: solid !important;border-right-color: #e7e7e6 !important;border-right-style: solid !important;border-top-color: #e7e7e6 !important;border-top-style: solid !important;border-bottom-color: #e7e7e6 !important;border-bottom-style: solid !important;border-radius: 1px !important;}&#8221;][vc_column_text]\n<h3 style=\"text-align: center;\"><span style=\"font-weight: 400;\">Directeur de recherche<\/span><\/h3>\n[\/vc_column_text][vc_column_text]\n<p style=\"text-align: center;\">Responsable de promouvoir les activit\u00e9s de recherche des r\u00e9sidents canadiens sur le site web de l\u2019ACCG<\/p>\n<p style=\"text-align: center;\"><em><span style=\"font-weight: 400;\">Sachin Doshi (Toronto)<br \/>\nsachin.doshi@mail.utoronto.ca<br \/>\n<\/span><\/em><\/p>\n[\/vc_column_text][\/vc_column][vc_column width=&#8221;1\/3&#8243; css=&#8221;.vc_custom_1656437759638{border-top-width: 1px !important;border-right-width: 1px !important;border-bottom-width: 1px !important;border-left-width: 1px !important;border-left-color: #e7e7e6 !important;border-left-style: solid !important;border-right-color: #e7e7e6 !important;border-right-style: solid !important;border-top-color: #e7e7e6 !important;border-top-style: solid !important;border-bottom-color: #e7e7e6 !important;border-bottom-style: solid !important;border-radius: 1px !important;}&#8221;][vc_column_text]\n<h3 style=\"text-align: center;\"><span style=\"font-weight: 400;\">Directrice de \u201cScrubs Cap Off\u201d<\/span><\/h3>\n[\/vc_column_text][vc_column_text]\n<p style=\"text-align: center;\">Coordonner la rubrique mensuelle portant sur le profil d\u2019un r\u00e9sident de 5<sup>e<\/sup> ann\u00e9e de chirurgie g\u00e9n\u00e9rale au Canada.<\/p>\n<p style=\"text-align: center;\"><em><span style=\"font-weight: 400;\">Linda Dei (Queens)<br \/>\nlinda.fei@queensu.ca<\/span><\/em><\/p>\n<p style=\"text-align: center;\"><em>Abilgail Ruthe Arnott (Western)<br \/>\naarnott2021@meds.uwo.ca<\/em><\/p>\n[\/vc_column_text][\/vc_column][vc_column width=&#8221;1\/3&#8243; css=&#8221;.vc_custom_1656437773483{border-top-width: 1px !important;border-right-width: 1px !important;border-bottom-width: 1px !important;border-left-width: 1px !important;border-left-color: #e7e7e6 !important;border-left-style: solid !important;border-right-color: #e7e7e6 !important;border-right-style: solid !important;border-top-color: #e7e7e6 !important;border-top-style: solid !important;border-bottom-color: #e7e7e6 !important;border-bottom-style: solid !important;border-radius: 1px !important;}&#8221;][vc_column_text]\n<h3 style=\"text-align: center;\"><span style=\"font-weight: 400;\">Directeurs de mentorat<\/span><\/h3>\n[\/vc_column_text][vc_column_text]\n<p style=\"text-align: center;\">Responsable de d\u00e9velopper le programme de mentorat de chirurgie g\u00e9n\u00e9rale et d\u2019organiser un symposium au Forum canadien de chirurgie pour les \u00e9tudiants en m\u00e9decine.<\/p>\n<p style=\"text-align: center;\"><em><span style=\"font-weight: 400;\">Zosia Czarnecka (Alberta)<br \/>\nczaenecka@ualberta.ca<\/span><\/em><\/p>\n<p style=\"text-align: center;\"><em><span style=\"font-weight: 400;\">Dexter Choi (Ottawa)<br \/>\ndchoi@toh.ca<\/span><\/em><\/p>\n<p style=\"text-align: center;\"><em><span style=\"font-weight: 400;\">Emily Courage (Memorial)<br \/>\nec2587@mun.ca<\/span><\/em><\/p>\n[\/vc_column_text][\/vc_column][\/vc_row][vc_row gap=&#8221;4&#8243; equal_height=&#8221;yes&#8221;][vc_column width=&#8221;1\/3&#8243; css=&#8221;.vc_custom_1656437715167{border-top-width: 1px !important;border-right-width: 1px !important;border-bottom-width: 1px !important;border-left-width: 1px !important;border-left-color: #e7e7e6 !important;border-left-style: solid !important;border-right-color: #e7e7e6 !important;border-right-style: solid !important;border-top-color: #e7e7e6 !important;border-top-style: solid !important;border-bottom-color: #e7e7e6 !important;border-bottom-style: solid !important;border-radius: 1px !important;}&#8221;][vc_column_text]\n<h3 style=\"text-align: center;\"><span style=\"font-weight: 400;\">Directeurs de sondage<\/span><\/h3>\n[\/vc_column_text][vc_column_text]\n<p style=\"text-align: center;\">Responsable pour la cr\u00e9ation du sondage national, sa distribution aux r\u00e9sidents canadiens et la pr\u00e9sentation des r\u00e9sultats au conf\u00e9rence annuelle en Septembre.<\/p>\n<p style=\"text-align: center;\"><em><span style=\"font-weight: 400;\">Janyssa Charbonneau (Laval)<br \/>\njanyssa.charbonneau.1@ulaval.ca<br \/>\n<\/span><\/em><\/p>\n<p style=\"text-align: center;\"><em><span style=\"font-weight: 400;\">Gladys Bruyninx\u00a0 <\/span><span style=\"font-weight: 400;\">(Saskatchewan)<br \/>\n<\/span><\/em>vih801@mail.usask.ca<\/p>\n<p style=\"text-align: center;\"><em><span style=\"font-weight: 400;\">Dara Hallock <\/span><span style=\"font-weight: 400;\">(Manitoba)<br \/>\nhallockd@myumanitoba.ca<br \/>\n<\/span><\/em><\/p>\n[\/vc_column_text][\/vc_column][vc_column width=&#8221;1\/3&#8243; css=&#8221;.vc_custom_1656437759638{border-top-width: 1px !important;border-right-width: 1px !important;border-bottom-width: 1px !important;border-left-width: 1px !important;border-left-color: #e7e7e6 !important;border-left-style: solid !important;border-right-color: #e7e7e6 !important;border-right-style: solid !important;border-top-color: #e7e7e6 !important;border-top-style: solid !important;border-bottom-color: #e7e7e6 !important;border-bottom-style: solid !important;border-radius: 1px !important;}&#8221;][vc_column_text]\n<h3 style=\"text-align: center;\"><span style=\"font-weight: 400;\">Directrice des r\u00e9seaux sociaux<\/span><\/h3>\n[\/vc_column_text][vc_column_text]\n<p style=\"text-align: center;\">Responsable de maintenir les comptes des r\u00e9seaux sociaux de l\u2019ACCG, de cr\u00e9er l\u2019affiche pour la Semaine du R\u00e9sident et d\u2019aider organiser l&#8217;\u00e9v\u00e9nement social du Forum canadien de chirurgie.<\/p>\n<p style=\"text-align: center;\"><em><span style=\"font-weight: 400;\">Jaymie Walker (Calgary)<br \/>\njaymie.walker@ucalgary.ca<\/span><\/em><\/p>\n<p style=\"text-align: center;\"><em>Ramya Kancherla (McMaster)<br \/>\nramya.kancherla@medportal.ca<\/em><\/p>\n[\/vc_column_text][\/vc_column][vc_column width=&#8221;1\/3&#8243; css=&#8221;.vc_custom_1656437773483{border-top-width: 1px !important;border-right-width: 1px !important;border-bottom-width: 1px !important;border-left-width: 1px !important;border-left-color: #e7e7e6 !important;border-left-style: solid !important;border-right-color: #e7e7e6 !important;border-right-style: solid !important;border-top-color: #e7e7e6 !important;border-top-style: solid !important;border-bottom-color: #e7e7e6 !important;border-bottom-style: solid !important;border-radius: 1px !important;}&#8221;][vc_column_text]\n<h3 style=\"text-align: center;\"><span style=\"font-weight: 400;\">Directeur de la diversit\u00e9<\/span><\/h3>\n[\/vc_column_text][vc_column_text]\n<p style=\"text-align: center;\">Contribuer \u00e0 cr\u00e9er un environnement et une culture plus \u00e9quitables en chirurgie g\u00e9n\u00e9rale en collaborant avec des programmes de mentorat et de diversit\u00e9 \u00e0 travers le pays. Veiller \u00e0 ce que la programmation du comit\u00e9 soit inclusive pour tous.<\/p>\n<p style=\"text-align: center;\"><em><span style=\"font-weight: 400;\">KAran D&#8217;Souza (UBC)<br \/>\nkaran.dsouza@alumni.ubc.ca<\/span><\/em><\/p>\n[\/vc_column_text][\/vc_column][\/vc_row]\n<\/div>","protected":false},"excerpt":{"rendered":"<p>[vc_row][vc_column][vc_column_text] L\u2019Association canadien des chirurgiens g\u00e9n\u00e9raux est la seule organisation enti\u00e8rement d\u00e9di\u00e9e \u00e0 la repr\u00e9sentation des int\u00e9r\u00eats des chirurgiens g\u00e9n\u00e9raux au Canada. [\/vc_column_text][vc_column_text]\u00c9tant r\u00e9sident en chirurgie au Canada, vos frais d\u2019adh\u00e9sions sont couverts par votre programme. Nous vous invitons \u00e0 explorer les avantages de membre sur notre site web. Voici certains exemples:[\/vc_column_text][vc_separator color=&#8221;custom&#8221; border_width=&#8221;2&#8243; el_width=&#8221;80&#8243; [&hellip;]<\/p>\n","protected":false},"author":8138,"featured_media":0,"parent":56956,"menu_order":0,"comment_status":"closed","ping_status":"closed","template":"","meta":{"_bbp_topic_count":0,"_bbp_reply_count":0,"_bbp_total_topic_count":0,"_bbp_total_reply_count":0,"_bbp_voice_count":0,"_bbp_anonymous_reply_count":0,"_bbp_topic_count_hidden":0,"_bbp_reply_count_hidden":0,"_bbp_forum_subforum_count":0,"footnotes":""},"categories":[],"class_list":["post-56962","page","type-page","status-publish","hentry","user-has-not-earned"],"_links":{"self":[{"href":"https:\/\/cags-accg.ca\/fr\/wp-json\/wp\/v2\/pages\/56962","targetHints":{"allow":["GET"]}}],"collection":[{"href":"https:\/\/cags-accg.ca\/fr\/wp-json\/wp\/v2\/pages"}],"about":[{"href":"https:\/\/cags-accg.ca\/fr\/wp-json\/wp\/v2\/types\/page"}],"author":[{"embeddable":true,"href":"https:\/\/cags-accg.ca\/fr\/wp-json\/wp\/v2\/users\/8138"}],"replies":[{"embeddable":true,"href":"https:\/\/cags-accg.ca\/fr\/wp-json\/wp\/v2\/comments?post=56962"}],"version-history":[{"count":3,"href":"https:\/\/cags-accg.ca\/fr\/wp-json\/wp\/v2\/pages\/56962\/revisions"}],"predecessor-version":[{"id":57030,"href":"https:\/\/cags-accg.ca\/fr\/wp-json\/wp\/v2\/pages\/56962\/revisions\/57030"}],"up":[{"embeddable":true,"href":"https:\/\/cags-accg.ca\/fr\/wp-json\/wp\/v2\/pages\/56956"}],"wp:attachment":[{"href":"https:\/\/cags-accg.ca\/fr\/wp-json\/wp\/v2\/media?parent=56962"}],"wp:term":[{"taxonomy":"category","embeddable":true,"href":"https:\/\/cags-accg.ca\/fr\/wp-json\/wp\/v2\/categories?post=56962"}],"curies":[{"name":"wp","href":"https:\/\/api.w.org\/{rel}","templated":true}]}}