{"id":57045,"date":"2022-06-28T14:26:24","date_gmt":"2022-06-28T18:26:24","guid":{"rendered":"https:\/\/cags-accg.ca\/guide-de-survie-residence\/research-funding\/"},"modified":"2024-02-10T14:10:21","modified_gmt":"2024-02-10T19:10:21","slug":"fonds-recherche","status":"publish","type":"page","link":"https:\/\/cags-accg.ca\/fr\/guide-de-survie-residence\/fonds-recherche\/","title":{"rendered":"Fonds de recherche"},"content":{"rendered":"<div class=\"wpb-content-wrapper\">[vc_row][vc_column][vc_separator color=&#8221;custom&#8221; style=&#8221;shadow&#8221; border_width=&#8221;2&#8243; el_width=&#8221;80&#8243; accent_color=&#8221;#c19469&#8243;][vc_column_text]\n<h3><span style=\"font-weight: 400; color: #c19469;\">Pour obtenir du temps d\u00e9di\u00e9 \u00e0 la recherche, il est important de planifier qui va payer votre salaire. Aussit\u00f4t que vous quittez votre r\u00e9sidence r\u00e9guli\u00e8re pour plus de 6 mois, la plupart des provinces consid\u00e8rent que vous ne fournissez plus un service qui m\u00e9rite une r\u00e9mun\u00e9ration.<\/span><\/h3>\n[\/vc_column_text][vc_column_text]Plusieurs programmes au Canada ont des budgets allou\u00e9s aux r\u00e9sidents d\u00e9di\u00e9s \u00e0 la recherche. Cependant, ces budgets peuvent \u00eatre limit\u00e9s. C\u2019est la raison pour laquelle il est important d\u2019appliquer \u00e0 des subventions suppl\u00e9mentaires. Si vous \u00eates en mesure de recevoir des subventions, vous pourrez non seulement payer pour des lunchs, mais vous b\u00e9n\u00e9ficierez aussi du prestige de subventions associ\u00e9s l\u2019\u00e9valuation par vos pairs.\u00a0 C\u2019est une tr\u00e8s bonne fa\u00e7on de valider l\u2019importance de vos projets et de b\u00e2tir votre dossier acad\u00e9mique.<\/p>\n<p>&nbsp;<\/p>\n<p>Discutez de recherche avec la personne-ressource dans votre programme. Certains programmes offrent l\u2019option du programme clinicien-chercheur qui pourrait subventionner leurs r\u00e9sidents \u00e0 compl\u00e9ter une ma\u00eetrise ou un doctorat. Ceci est li\u00e9 au programme de clinicien-chercheur du Coll\u00e8ge Royal de M\u00e9decins et Chirurgiens dans certaines universit\u00e9s. Vous trouverez plus d\u2019informations \u00e0 l\u2019adresse suivante :\u00a0<a href=\"https:\/\/www.royalcollege.ca\/rcsite\/educational-initiatives\/clinician-scientist-f\">https:\/\/www.royalcollege.ca\/rcsite\/educational-initiatives\/clinician-scientist-f<\/a><\/p>\n<p>Ci-dessous se trouvent des r\u00e9f\u00e9rences-cl\u00e9s de subventions externes. N\u2019oubliez pas qu\u2019il doit exister d\u2019autres sources de subventions sp\u00e9cifiques \u00e0 chaque sp\u00e9cialit\u00e9 qui ne sont pas \u00e9num\u00e9r\u00e9es ici. Assurez-vous de demander \u00e0 votre superviseur toutes les possibilit\u00e9s de subventions et d\u2019appliquer \u00e0 toutes celles pour lesquelles vous \u00eates \u00e9ligible. Le processus d\u2019application \u00e0 ces types de subventions permet de mieux comprendre votre projet et de perfectionner vos aptitudes d\u2019\u00e9criture.[\/vc_column_text][vc_separator color=&#8221;custom&#8221; border_width=&#8221;2&#8243; el_width=&#8221;80&#8243; accent_color=&#8221;#9e2432&#8243;][vc_column_text el_id=&#8221;National-and-International-Funding-Sources&#8221;]\n<h2><span style=\"color: #9e2432;\">Sources de subventions nationales et internationales<\/span><\/h2>\n[\/vc_column_text][\/vc_column][\/vc_row][vc_row gap=&#8221;4&#8243; equal_height=&#8221;yes&#8221;][vc_column width=&#8221;1\/2&#8243; css=&#8221;.vc_custom_1656440130796{border-top-width: 1px !important;border-right-width: 1px !important;border-bottom-width: 1px !important;border-left-width: 1px !important;border-left-color: #e7e7e6 !important;border-left-style: solid !important;border-right-color: #e7e7e6 !important;border-right-style: solid !important;border-top-color: #e7e7e6 !important;border-top-style: solid !important;border-bottom-color: #e7e7e6 !important;border-bottom-style: solid !important;}&#8221;][vc_column_text]\n<h3 style=\"text-align: center;\"><a href=\"https:\/\/www.researchnet-recherchenet.ca\/rnr16\/search.do?fodAgency=CIHR&amp;fodLanguage=E&amp;view=currentOpps\" target=\"_blank\" rel=\"noopener\"><b>Institut de recherche en sant\u00e9 du Canada (IRSC)<\/b><\/a><\/h3>\n[\/vc_column_text][vc_column_text]\n<ul>\n<li>Bourse de ma\u00eetrise et de doctorat. Dates limites d\u2019application changent annuellement<\/li>\n<li>Bourse de fellowship. Dates limites d\u2019application changent annuellement<\/li>\n<\/ul>\n<p>Les candidats doivent choisir l\u2019un ou l\u2019autre. Ceux avec une forte exp\u00e9rience en recherche\u00a0et\/ou du travail gradu\u00e9 peuvent \u00eatre candidats comp\u00e9titifs pour la bourse de fellowship. La bourse de ma\u00eetrise est recommand\u00e9e \u00e0 ceux ayant moins d\u2019exp\u00e9rience de recherche.[\/vc_column_text][\/vc_column][vc_column width=&#8221;1\/2&#8243; css=&#8221;.vc_custom_1656440090762{border-top-width: 1px !important;border-right-width: 1px !important;border-bottom-width: 1px !important;border-left-width: 1px !important;border-left-color: #e7e7e6 !important;border-left-style: solid !important;border-right-color: #e7e7e6 !important;border-right-style: solid !important;border-top-color: #e7e7e6 !important;border-top-style: solid !important;border-bottom-color: #e7e7e6 !important;border-bottom-style: solid !important;}&#8221;][vc_column_text]\n<h3 style=\"text-align: center;\">Coll\u00e8ge Royal des m\u00e9decins et chirurgiens du Canada<\/h3>\n[\/vc_column_text][vc_column_text]<a href=\"https:\/\/www.royalcollege.ca\/rcsite\/awards-grants\/research-funding-f\"><strong>Bourse de recherche en \u00e9ducation m\u00e9dicale<\/strong><\/a><\/p>\n<ul>\n<li>Valeur de 50 000$ pour un maximum de 3 ans, max 25 000$\/ann\u00e9e<\/li>\n<li>Jusqu\u2019\u00e0 10 000$ de support salarial<\/li>\n<li>Date limite d\u2019application\u00a0: mars de chaque ann\u00e9e<\/li>\n<\/ul>\n[\/vc_column_text][\/vc_column][\/vc_row][vc_row][vc_column][vc_empty_space][vc_separator color=&#8221;custom&#8221; border_width=&#8221;2&#8243; el_width=&#8221;80&#8243; accent_color=&#8221;#9e2432&#8243;][vc_column_text el_id=&#8221;Surgical-Society-Sources-of-Research-Funding&#8221;]\n<h2><span style=\"color: #9e2432;\">Soci\u00e9t\u00e9s Chirurgicales : sources de financement en recherche<\/span><\/h2>\n[\/vc_column_text][\/vc_column][\/vc_row][vc_row gap=&#8221;4&#8243; equal_height=&#8221;yes&#8221;][vc_column width=&#8221;1\/3&#8243; css=&#8221;.vc_custom_1656439258489{border-top-width: 1px !important;border-right-width: 1px !important;border-bottom-width: 1px !important;border-left-width: 1px !important;border-left-color: #e7e7e6 !important;border-left-style: solid !important;border-right-color: #e7e7e6 !important;border-right-style: solid !important;border-top-color: #e7e7e6 !important;border-top-style: solid !important;border-bottom-color: #e7e7e6 !important;border-bottom-style: solid !important;border-radius: 1px !important;}&#8221;][vc_column_text]\n<h3 style=\"text-align: center;\"><strong>Association Canadienne des Chirurgiens G\u00e9n\u00e9raux<\/strong><\/h3>\n[\/vc_column_text][vc_column_text]\n<ul>\n<li>Valeur de 40 000$ pour 1-2 ans<\/li>\n<li>Date limite d\u2019application\u00a0: avril-mai de chaque ann\u00e9e<\/li>\n<\/ul>\n<p><a href=\"http:\/\/www.cags-accg.ca\/index.php?page=113\">Fond de recherche chirurgical canadien<\/a>[\/vc_column_text][\/vc_column][vc_column width=&#8221;1\/3&#8243; css=&#8221;.vc_custom_1656439271798{border-top-width: 1px !important;border-bottom-width: 1px !important;border-left-width: 1px !important;border-left-color: #e7e7e6 !important;border-left-style: solid !important;border-top-color: #e7e7e6 !important;border-top-style: solid !important;border-bottom-color: #e7e7e6 !important;border-bottom-style: solid !important;border-radius: 1px !important;}&#8221;][vc_column_text]\n<h3 style=\"text-align: center;\"><b>American College of Surgeons<\/b><\/h3>\n[\/vc_column_text][vc_column_text]\n<ul>\n<li>Valeur de 30 000$ pour 2 ans<\/li>\n<li>Les candidats titulaires d\u2019une subvention de recherche d\u2019une autre soci\u00e9t\u00e9 professionnelle ne sont pas \u00e9ligibles \u00e0 postuler<\/li>\n<\/ul>\n<p><strong>\u00a0<\/strong><a href=\"http:\/\/www.facs.org\/memberservices\/research.html\">Bourses de recherche pour les r\u00e9sidents <\/a>[\/vc_column_text][\/vc_column][vc_column width=&#8221;1\/3&#8243; css=&#8221;.vc_custom_1656439389103{border-top-width: 1px !important;border-bottom-width: 1px !important;border-left-width: 1px !important;border-left-color: #e7e7e6 !important;border-left-style: solid !important;border-top-color: #e7e7e6 !important;border-top-style: solid !important;border-bottom-color: #e7e7e6 !important;border-bottom-style: solid !important;border-radius: 1px !important;}&#8221;][vc_column_text]\n<h3 style=\"text-align: center;\"><b>Association of Academic Surgeons<\/b><\/h3>\n[\/vc_column_text][vc_column_text]<a href=\"https:\/\/www.aasurg.org\/awards\/\">Prix de fellowship de recherche<\/a>[\/vc_column_text][\/vc_column][\/vc_row][vc_row][vc_column][vc_empty_space][\/vc_column][\/vc_row][vc_row gap=&#8221;4&#8243; equal_height=&#8221;yes&#8221;][vc_column width=&#8221;1\/3&#8243; css=&#8221;.vc_custom_1656439258489{border-top-width: 1px !important;border-right-width: 1px !important;border-bottom-width: 1px !important;border-left-width: 1px !important;border-left-color: #e7e7e6 !important;border-left-style: solid !important;border-right-color: #e7e7e6 !important;border-right-style: solid !important;border-top-color: #e7e7e6 !important;border-top-style: solid !important;border-bottom-color: #e7e7e6 !important;border-bottom-style: solid !important;border-radius: 1px !important;}&#8221;][vc_column_text]\n<h3 style=\"text-align: center;\"><b>Society of University Surgeons<\/b><\/h3>\n[\/vc_column_text][vc_column_text]Pour les r\u00e9sidents qui ont compl\u00e9t\u00e9 un minimum de deux ans de formation et qui vont passer au moins un an de recherche<\/p>\n<ul>\n<li>Valeur de 30 000$ x 1 an<\/li>\n<li>Date limite d\u2019application\u00a0: Mai de chaque ann\u00e9e<\/li>\n<\/ul>\n<p><a href=\"http:\/\/www.susweb.org\/sus-resident-scholar-award\">Prix de recherche chirurgicale de fellowship de la SUS<\/a>[\/vc_column_text][\/vc_column][vc_column width=&#8221;1\/3&#8243; css=&#8221;.vc_custom_1656439271798{border-top-width: 1px !important;border-bottom-width: 1px !important;border-left-width: 1px !important;border-left-color: #e7e7e6 !important;border-left-style: solid !important;border-top-color: #e7e7e6 !important;border-top-style: solid !important;border-bottom-color: #e7e7e6 !important;border-bottom-style: solid !important;border-radius: 1px !important;}&#8221;][vc_column_text]\n<h3 style=\"text-align: center;\"><b>Society of Gastrointestinal and Endoscopic Surgeons (SAGES)<\/b><\/h3>\n[\/vc_column_text][vc_column_text]\n<ul>\n<li>Valeur jusqu\u2019\u00e0 30 000$ x 1 an<\/li>\n<li>Pour encourager de nouvelles id\u00e9es en chirurgie endoscopique et gastro-intestinale<\/li>\n<li>Date limite d\u2019application\u00a0: novembre de chaque ann\u00e9e<\/li>\n<\/ul>\n<p><a href=\"http:\/\/www.sages.org\/projects\/research-grants\/\">Bourse de recherche du SAGES\u00a0<\/a>[\/vc_column_text][\/vc_column][vc_column width=&#8221;1\/3&#8243; css=&#8221;.vc_custom_1656439389103{border-top-width: 1px !important;border-bottom-width: 1px !important;border-left-width: 1px !important;border-left-color: #e7e7e6 !important;border-left-style: solid !important;border-top-color: #e7e7e6 !important;border-top-style: solid !important;border-bottom-color: #e7e7e6 !important;border-bottom-style: solid !important;border-radius: 1px !important;}&#8221;][vc_column_text]\n<h3 style=\"text-align: center;\"><strong>Soci\u00e9t\u00e9 Canadienne des Chirurgiens Colorectaux<\/strong><\/h3>\n[\/vc_column_text][vc_column_text]\n<ul>\n<li>Valeur de 10 000$ x 1 an, variant selon l\u2019ann\u00e9e<\/li>\n<li>Date limite d\u2019application\u00a0: juin de chaque ann\u00e9e<\/li>\n<\/ul>\n<p><a href=\"http:\/\/cscrs.ca\/research\">Bourse de Recherche de la Soci\u00e9t\u00e9 canadienne de chirurgiens colorectaux <\/a>[\/vc_column_text][\/vc_column][\/vc_row][vc_row][vc_column][vc_empty_space][vc_separator color=&#8221;custom&#8221; border_width=&#8221;2&#8243; el_width=&#8221;80&#8243; accent_color=&#8221;#9e2432&#8243;][vc_column_text el_id=&#8221;Provincial-Grant-Sources&#8221;]\n<h2><span style=\"color: #9e2432;\">Sources de subventions provinciales<\/span><\/h2>\n[\/vc_column_text][vc_column_text]Il existe plusieurs bourses provinciales disponibles. Par contre, pour des informations ad\u00e9quates et \u00e0 jour, il est recommand\u00e9 de contacter votre directeur de recherche\/programme.[\/vc_column_text][vc_separator color=&#8221;custom&#8221; border_width=&#8221;2&#8243; el_width=&#8221;80&#8243; accent_color=&#8221;#9e2432&#8243;][vc_column_text el_id=&#8221;Online-Resources-for-Grants&#8221;]\n<h2><span style=\"color: #9e2432;\">Ressources en ligne pour des bourses et la r\u00e9daction de proposition de recherche<\/span><\/h2>\n[\/vc_column_text][vc_column_text]<span style=\"font-weight: 400;\">Canadian Institutes of Health Research &#8211;<\/span><span style=\"font-weight: 400;\">\u00a0<\/span><a href=\"https:\/\/cihr-irsc.gc.ca\/e\/27491.html\" target=\"_blank\" rel=\"noopener\"><span style=\"font-weight: 400;\">Guidebook for New Principal Investigators<\/span><\/a><\/p>\n<p><span style=\"font-weight: 400;\">National Institutes of Health &#8211;<\/span> <a href=\"http:\/\/grants.nih.gov\/grants\/grant_tips.htm\" target=\"_blank\" rel=\"noopener\"><span style=\"font-weight: 400;\">Grant Writing Tip Sheets<\/span><\/a><\/p>\n<p><span style=\"font-weight: 400;\">McMaster University &#8211;<\/span>\u00a0<a href=\"https:\/\/research.mcmaster.ca\/support-for-researchers\/secure-funding\/elements-of-a-successful-proposal\/\" target=\"_blank\" rel=\"noopener\"><span style=\"font-weight: 400;\">Elements of a Successful Proposal<\/span><\/a><\/p>\n<p><span style=\"font-weight: 400;\">Western University &#8211;<\/span><span style=\"font-weight: 400;\">\u00a0<\/span><a href=\"http:\/\/www.schulich.uwo.ca\/research\/services\/grant_writing_resources.html\" target=\"_blank\" rel=\"noopener\"><span style=\"font-weight: 400;\">Grant Writing Resources<\/span><\/a>[\/vc_column_text][vc_separator color=&#8221;custom&#8221; border_width=&#8221;2&#8243; el_width=&#8221;80&#8243; accent_color=&#8221;#9e2432&#8243;][vc_column_text el_id=&#8221;Other-Funding-Sources&#8221;]\n<h2><span style=\"color: #9e2432;\">Ressources de subventions en ligne<\/span><\/h2>\n[\/vc_column_text][vc_column_text]<span style=\"font-weight: 400;\">Canada Grant Watch &#8211;\u00a0<\/span><a href=\"https:\/\/canada.grantwatch.com\/cat\/30\/science-grants.html\" target=\"_blank\" rel=\"noopener\"><span style=\"font-weight: 400;\">https:\/\/canada.grantwatch.com\/cat\/30\/science-grants.html<\/span><\/a><span style=\"font-weight: 400;\">\u00a0<\/span><\/p>\n<p><span style=\"font-weight: 400;\">Physicians&#8217; Services Incorporated, for Ontario Residents &#8211;\u00a0<\/span><a href=\"http:\/\/www.psifoundation.org\/ForApplicants\/ResidentResearchGrants.php\" target=\"_blank\" rel=\"noopener\"><span style=\"font-weight: 400;\">http:\/\/www.psifoundation.org\/ForApplicants\/ResidentResearchGrants.php<\/span><\/a><span style=\"font-weight: 400;\">\u00a0<\/span><\/p>\n<p><span style=\"font-weight: 400;\">Canadian Society for Clinical Investigation &#8211;\u00a0<\/span><a href=\"https:\/\/csci-scrc.ca\/awards\/csci-resident-research-awards\/\" target=\"_blank\" rel=\"noopener\"><span style=\"font-weight: 400;\">https:\/\/csci-scrc.ca\/awards\/csci-resident-research-awards\/<\/span><\/a><span style=\"font-weight: 400;\">\u00a0<\/span><\/p>\n<p><span style=\"font-weight: 400;\">NSERC- Natural Sciences and Engineering Research Council of Canada &#8211;\u00a0<\/span><a href=\"https:\/\/www.nserc-crsng.gc.ca\/NSERC-CRSNG\/Eligibility-Admissibilite\/students-etudiants_eng.asp\" target=\"_blank\" rel=\"noopener\"><span style=\"font-weight: 400;\">https:\/\/www.nserc-crsng.gc.ca\/NSERC-CRSNG\/Eligibility-Admissibilite\/students-etudiants_eng.asp<\/span><\/a>[\/vc_column_text][\/vc_column][\/vc_row][vc_row][vc_column][\/vc_column][\/vc_row]\n<\/div>","protected":false},"excerpt":{"rendered":"<p>[vc_row][vc_column][vc_separator color=&#8221;custom&#8221; style=&#8221;shadow&#8221; border_width=&#8221;2&#8243; el_width=&#8221;80&#8243; accent_color=&#8221;#c19469&#8243;][vc_column_text] Pour obtenir du temps d\u00e9di\u00e9 \u00e0 la recherche, il est important de planifier qui va payer votre salaire. Aussit\u00f4t que vous quittez votre r\u00e9sidence r\u00e9guli\u00e8re pour plus de 6 mois, la plupart des provinces consid\u00e8rent que vous ne fournissez plus un service qui m\u00e9rite une r\u00e9mun\u00e9ration. [\/vc_column_text][vc_column_text]Plusieurs programmes au [&hellip;]<\/p>\n","protected":false},"author":8138,"featured_media":0,"parent":56956,"menu_order":0,"comment_status":"closed","ping_status":"closed","template":"","meta":{"_bbp_topic_count":0,"_bbp_reply_count":0,"_bbp_total_topic_count":0,"_bbp_total_reply_count":0,"_bbp_voice_count":0,"_bbp_anonymous_reply_count":0,"_bbp_topic_count_hidden":0,"_bbp_reply_count_hidden":0,"_bbp_forum_subforum_count":0,"footnotes":""},"categories":[],"class_list":["post-57045","page","type-page","status-publish","hentry","user-has-not-earned"],"_links":{"self":[{"href":"https:\/\/cags-accg.ca\/fr\/wp-json\/wp\/v2\/pages\/57045","targetHints":{"allow":["GET"]}}],"collection":[{"href":"https:\/\/cags-accg.ca\/fr\/wp-json\/wp\/v2\/pages"}],"about":[{"href":"https:\/\/cags-accg.ca\/fr\/wp-json\/wp\/v2\/types\/page"}],"author":[{"embeddable":true,"href":"https:\/\/cags-accg.ca\/fr\/wp-json\/wp\/v2\/users\/8138"}],"replies":[{"embeddable":true,"href":"https:\/\/cags-accg.ca\/fr\/wp-json\/wp\/v2\/comments?post=57045"}],"version-history":[{"count":2,"href":"https:\/\/cags-accg.ca\/fr\/wp-json\/wp\/v2\/pages\/57045\/revisions"}],"predecessor-version":[{"id":57047,"href":"https:\/\/cags-accg.ca\/fr\/wp-json\/wp\/v2\/pages\/57045\/revisions\/57047"}],"up":[{"embeddable":true,"href":"https:\/\/cags-accg.ca\/fr\/wp-json\/wp\/v2\/pages\/56956"}],"wp:attachment":[{"href":"https:\/\/cags-accg.ca\/fr\/wp-json\/wp\/v2\/media?parent=57045"}],"wp:term":[{"taxonomy":"category","embeddable":true,"href":"https:\/\/cags-accg.ca\/fr\/wp-json\/wp\/v2\/categories?post=57045"}],"curies":[{"name":"wp","href":"https:\/\/api.w.org\/{rel}","templated":true}]}}