{"id":57049,"date":"2022-06-28T14:32:49","date_gmt":"2022-06-28T18:32:49","guid":{"rendered":"https:\/\/cags-accg.ca\/guide-de-survie-residence\/conferences\/"},"modified":"2025-09-26T14:58:55","modified_gmt":"2025-09-26T18:58:55","slug":"conferences","status":"publish","type":"page","link":"https:\/\/cags-accg.ca\/fr\/guide-de-survie-residence\/conferences\/","title":{"rendered":"Conf\u00e9rences"},"content":{"rendered":"<div class=\"wpb-content-wrapper\">[vc_row][vc_column][vc_column_text]\n<h3><span style=\"font-weight: 400; color: #c19469;\">Les conf\u00e9rences sont d&#8217;excellentes opportunit\u00e9s pour pr\u00e9senter vos projets de recherche, de trouver de l\u2019information sur les nouvelles technologies et lignes directrices et enfin de revoir vos amis de m\u00e9decine puis cr\u00e9er des relations avec des coll\u00e8gues au-travers le pays et \u00e0 l\u2019international. <\/span><\/h3>\n[\/vc_column_text][vc_column_text css=&#8221;&#8221;]Voici un \u00e9ventail de conf\u00e9rences \u00e0 consid\u00e9rer.<\/p>\n<p><a href=\"https:\/\/www.canadiansurgeryforum.com\"><strong>FCC<\/strong><\/a>: Forum Canadien de chirurgie<\/p>\n<p><a href=\"https:\/\/www.caps.ca\/annual-meeting\/next-meeting-information\"><strong>CAPS<\/strong><\/a>: Canadian Association of Paediatric Surgeons<\/p>\n<p><a href=\"https:\/\/www.facs.org\/for-medical-professionals\/conferences-and-meetings\/clinical-congress-2022\/\"><strong>ACS<\/strong><\/a><a href=\"https:\/\/www.facs.org\/for-medical-professionals\/conferences-and-meetings\/clinical-congress-2022\/\">:<\/a> American College of Surgeons<\/p>\n<p><a href=\"https:\/\/criticalcarecanada.com\"><strong>Critical Care Canada Forum<\/strong><\/a><\/p>\n<p><a href=\"https:\/\/www.sts.org\/meetings\/calendar-of-events\/sts-59th-annual-meeting\"><strong>STS<\/strong><\/a>: Society of Thoracic Surgeons<\/p>\n<p><a href=\"https:\/\/web.cvent.com\/event\/4c28b9ed-d6f8-451b-9b83-1203b05ffff8\/websitePage:809fc807-7687-41f7-9989-ffe3e3f163d7\"><strong>AHPBA<\/strong><\/a>: Americas Hepatico-Pancreatico-Biliary Association<\/p>\n<p><a href=\"https:\/\/www.surgonc.org\/events\/\"><strong>SSO<\/strong><\/a>: Society Surgical Oncology<\/p>\n<p><a href=\"https:\/\/www.trauma-criticalcare.com\/tccacs\/registration\/\"><strong>Trauma, Critical Care &amp; Acute Care Surgery<\/strong><\/a><\/p>\n<p><a href=\"https:\/\/www.sages2023.org\"><strong>SAGES<\/strong><\/a>: Society of Gastrointestinal and Endoscopic Surgeons<\/p>\n<p><a href=\"https:\/\/www.endocrinesurgery.org\"><strong>AAES<\/strong><\/a>: American Association Endocrine Surgeons<\/p>\n<p><a href=\"https:\/\/apsapedsurg.org\/continuing-education\/events\/future-meetings\/\"><strong>APSA<\/strong><\/a>: American Pediatric Surgery Association<\/p>\n<p><a href=\"https:\/\/fascrs.org\/my-ascrs\/meetings-events\/2023-annual-scientific-meeting\"><strong>ASCRS<\/strong><\/a>: American Society of Colon &amp; Rectal Surgeons<\/p>\n<p>Un <a href=\"https:\/\/cags-accg.member365.ca\/sharingnetwork\/event\">calendrier d&#8217;\u00e9v\u00e9nements <\/a>en ligne est r\u00e9guli\u00e8rement mis \u00e0 jour.[\/vc_column_text][\/vc_column][\/vc_row]\n<\/div>","protected":false},"excerpt":{"rendered":"<p>[vc_row][vc_column][vc_column_text] Les conf\u00e9rences sont d&#8217;excellentes opportunit\u00e9s pour pr\u00e9senter vos projets de recherche, de trouver de l\u2019information sur les nouvelles technologies et lignes directrices et enfin de revoir vos amis de m\u00e9decine puis cr\u00e9er des relations avec des coll\u00e8gues au-travers le pays et \u00e0 l\u2019international. [\/vc_column_text][vc_column_text css=&#8221;&#8221;]Voici un \u00e9ventail de conf\u00e9rences \u00e0 consid\u00e9rer. FCC: Forum Canadien [&hellip;]<\/p>\n","protected":false},"author":8138,"featured_media":0,"parent":56956,"menu_order":0,"comment_status":"closed","ping_status":"closed","template":"","meta":{"_bbp_topic_count":0,"_bbp_reply_count":0,"_bbp_total_topic_count":0,"_bbp_total_reply_count":0,"_bbp_voice_count":0,"_bbp_anonymous_reply_count":0,"_bbp_topic_count_hidden":0,"_bbp_reply_count_hidden":0,"_bbp_forum_subforum_count":0,"footnotes":""},"categories":[],"class_list":["post-57049","page","type-page","status-publish","hentry","user-has-not-earned"],"_links":{"self":[{"href":"https:\/\/cags-accg.ca\/fr\/wp-json\/wp\/v2\/pages\/57049","targetHints":{"allow":["GET"]}}],"collection":[{"href":"https:\/\/cags-accg.ca\/fr\/wp-json\/wp\/v2\/pages"}],"about":[{"href":"https:\/\/cags-accg.ca\/fr\/wp-json\/wp\/v2\/types\/page"}],"author":[{"embeddable":true,"href":"https:\/\/cags-accg.ca\/fr\/wp-json\/wp\/v2\/users\/8138"}],"replies":[{"embeddable":true,"href":"https:\/\/cags-accg.ca\/fr\/wp-json\/wp\/v2\/comments?post=57049"}],"version-history":[{"count":3,"href":"https:\/\/cags-accg.ca\/fr\/wp-json\/wp\/v2\/pages\/57049\/revisions"}],"predecessor-version":[{"id":57431,"href":"https:\/\/cags-accg.ca\/fr\/wp-json\/wp\/v2\/pages\/57049\/revisions\/57431"}],"up":[{"embeddable":true,"href":"https:\/\/cags-accg.ca\/fr\/wp-json\/wp\/v2\/pages\/56956"}],"wp:attachment":[{"href":"https:\/\/cags-accg.ca\/fr\/wp-json\/wp\/v2\/media?parent=57049"}],"wp:term":[{"taxonomy":"category","embeddable":true,"href":"https:\/\/cags-accg.ca\/fr\/wp-json\/wp\/v2\/categories?post=57049"}],"curies":[{"name":"wp","href":"https:\/\/api.w.org\/{rel}","templated":true}]}}