{"id":57053,"date":"2022-06-28T14:37:24","date_gmt":"2022-06-28T18:37:24","guid":{"rendered":"https:\/\/cags-accg.ca\/guide-de-survie-residence\/progressing-in-residency\/"},"modified":"2024-02-10T14:17:56","modified_gmt":"2024-02-10T19:17:56","slug":"progresser-en-residence","status":"publish","type":"page","link":"https:\/\/cags-accg.ca\/fr\/guide-de-survie-residence\/progresser-en-residence\/","title":{"rendered":"Progresser en r\u00e9sidence"},"content":{"rendered":"<div class=\"wpb-content-wrapper\">[vc_row][vc_column][vc_column_text]\n<h3><span style=\"font-weight: 400; color: #c19469;\">LES PROGRAMMES DE CHIRURGIE G\u00c9N\u00c9RALE SONT PASS\u00c9S \u00c0 UN MOD\u00c8LE COMP\u00c9TENCE PAR CONCEPTION (CBD EN ANGLAIS) EN JUILLET 2020.<\/span><\/h3>\n[\/vc_column_text][vc_column_text]Ce mod\u00e8le d&#8217;\u00e9ducation repose sur la formation sp\u00e9cialis\u00e9e qui est divis\u00e9e en \u00e9tapes distinctes avec des objectifs d&#8217;apprentissage clairs pour chacune, appel\u00e9s <a href=\"https:\/\/www.collegeroyal.ca\/ca\/fr\/cbd.html\">Activit\u00e9s Professionnelles Confiables (APC)<\/a>. Il s&#8217;agit d&#8217;une combinaison d&#8217;apprentissages bas\u00e9s sur le temps et bas\u00e9s sur les r\u00e9sultats. \u00c0 chaque \u00e9tape, les r\u00e9sidents sont observ\u00e9s alors qu&#8217;ils travaillent pour atteindre leurs APC et re\u00e7oivent des commentaires cibl\u00e9s. Un comit\u00e9 de votre programme est charg\u00e9 d&#8217;examiner les progr\u00e8s des r\u00e9sidents \u00e0 plusieurs points tout au long de l&#8217;ann\u00e9e et ils formulent des recommandations sur la progression des r\u00e9sidents vers les \u00e9tapes ult\u00e9rieures. Ils abordent aussi les domaines qui pourraient n\u00e9cessiter une attention suppl\u00e9mentaire de la part du r\u00e9sident ou un soutien du programme afin d&#8217;y parvenir.<\/p>\n<p>En tant que r\u00e9sident junior, vous travaillerez sur deux ensembles d&#8217;APC \u00e9tablis par le Coll\u00e8ge royal &#8211; les programmes de chirurgie g\u00e9n\u00e9rale et de fondements chirurgicaux. Ces ann\u00e9es se concentrent sur les APC relevant des \u00e9tapes de <em>Transition vers la discipline<\/em> et <em>Fondements de la discipline<\/em>. Dans les ann\u00e9es sup\u00e9rieures, les APC centrales constituent la grande majorit\u00e9 de la formation en chirurgie g\u00e9n\u00e9rale. L&#8217;ann\u00e9e finale est ax\u00e9e sur les APC de <em>Transition vers la pratique<\/em>, qui visent \u00e0 pr\u00e9parer les r\u00e9sidents \u00e0 leur transition vers des postes de personnel m\u00e9dical. Les guides des APC sont mis \u00e0 jour par le Coll\u00e8ge royal au fur et \u00e0 mesure que les programmes traversent cette p\u00e9riode de transition vers l&#8217;apprentissage CBD. Les APC que les r\u00e9sidents sont cens\u00e9s atteindre peuvent varier d&#8217;une ann\u00e9e \u00e0 l&#8217;autre en raison de ces changements, il est donc important de savoir quelle version des APC vous devez compl\u00e9ter. Voici un suivi des APC qui refl\u00e8te la version 2.0 (2021) des Fondements chirurgicaux et la version 1.0 (2020) de la chirurgie g\u00e9n\u00e9rale. Vous trouverez peut-\u00eatre utile de <a href=\"https:\/\/docs.google.com\/spreadsheets\/d\/1QuP4RaVZ7knayFdVJwEX8bDL6jn-38Km\/edit#gid=992250309\">suivre les APC en attente et\/ou termin\u00e9es \u00e0 l&#8217;aide de ce document<\/a>. Veuillez noter que ce formulaire a \u00e9t\u00e9 cr\u00e9\u00e9 par un r\u00e9sident pour suivre sa propre progression pendant sa r\u00e9sidence et n&#8217;est pas affili\u00e9 au Coll\u00e8ge royal. N&#8217;h\u00e9sitez pas \u00e0 l&#8217;utiliser comme point de d\u00e9part, mais sachez que les exigences en mati\u00e8re d&#8217;APC peuvent \u00e9voluer au fil des ann\u00e9es et que ce document devra donc \u00eatre mis \u00e0 jour p\u00e9riodiquement.<\/p>\n<p>Pour plus d\u2019apprentissage sur l\u2019apprentissage mod\u00e8le de comp\u00e9tence par conception (CBD) :\u00a0<a href=\"https:\/\/www.royalcollege.ca\/rcsite\/cbd\/competence-by-design-cbd-e\">https:\/\/www.royalcollege.ca\/rcsite\/cbd\/competence-by-design-cbd-e<\/a>.<\/p>\n<p>Pour un exemple de guide d\u2019APC de chirurgie g\u00e9n\u00e9rale et fondements chirurgicaux :\u00a0<a href=\"https:\/\/www.royalcollege.ca\/rcsite\/documents\/cbd\/epa-observation-templates-e\">https:\/\/www.royalcollege.ca\/rcsite\/documents\/cbd\/epa-observation-templates-e<\/a><\/p>\n<hr \/>\n<p>Voici une ligne directrice flexible des attentes pour les r\u00e9sidents tout au long des ann\u00e9es. Veuillez noter que le niveau de responsabilit\u00e9 pour chaque op\u00e9ration d\u00e9pend \u00e9norm\u00e9ment de la rotation\/l&#8217;h\u00f4pital\/l&#8217;universit\u00e9. Il y aura une grande variabilit\u00e9 entre les programmes quant \u00e0 la p\u00e9riode de temps pr\u00e9vue pour accomplir ces op\u00e9rations. Ce ne sont que des estimations et \u00e0 la fin de vos 5 ann\u00e9es de formation, il n&#8217;y aura aucune diff\u00e9rence quant \u00e0 l&#8217;ann\u00e9e o\u00f9 vous \u00eates devenu le chirurgien principal pour une proc\u00e9dure donn\u00e9e. Au cours de votre cinqui\u00e8me ann\u00e9e de r\u00e9sidence, on s&#8217;attendrait \u00e0 ce que vous soyez le principal chirurgien dans la plupart des cas de chirurgie g\u00e9n\u00e9rale, avec l&#8217;assistance du personnel au besoin. Cependant, cette attente ne s&#8217;appliquerait pas aux cas de sous-sp\u00e9cialit\u00e9 et de niveau de fellowship.<\/p>\n<p><strong>Guide flexible d\u2019attentes face aux r\u00e9sidents \u00e0 travers les ann\u00e9es<\/strong><\/p>\n<table width=\"539\">\n<tbody>\n<tr>\n<td width=\"113\"><strong>OPERATION<\/strong><\/td>\n<td width=\"76\"><strong>PGY 1-2<\/strong><\/td>\n<td width=\"76\"><strong>PGY 3-4<\/strong><\/td>\n<td width=\"123\"><strong>OPERATION<\/strong><\/td>\n<td width=\"76\"><strong>PGY 1-2<\/strong><\/td>\n<td width=\"76\"><strong>PGY 3-4<\/strong><\/td>\n<\/tr>\n<tr>\n<td width=\"113\">Exploratory Laparotomy<\/td>\n<td width=\"76\">Assist\/ Surgeon<\/td>\n<td width=\"76\">Surgeon<\/td>\n<td width=\"123\">Axillary LN dissection<\/td>\n<td width=\"76\">Assist\/ Surgeon<\/td>\n<td width=\"76\">Surgeon<\/td>\n<\/tr>\n<tr>\n<td width=\"113\">Exploratory Laparoscopy<\/td>\n<td width=\"76\">Assist\/ Surgeon<\/td>\n<td width=\"76\">Surgeon<\/td>\n<td width=\"123\">Thoracotomy<\/td>\n<td width=\"76\">Surgeon<\/td>\n<td width=\"76\">Surgeon<\/td>\n<\/tr>\n<tr>\n<td width=\"113\">Laparoscopic Appendectomy<\/td>\n<td width=\"76\">Surgeon<\/td>\n<td width=\"76\">Surgeon<\/td>\n<td width=\"123\">Lung resection<\/td>\n<td width=\"76\">Assist\/ Surgeon<\/td>\n<td width=\"76\">Assist\/ Surgeon<\/td>\n<\/tr>\n<tr>\n<td width=\"113\">Open Appendectomy<\/td>\n<td width=\"76\">Assist\/ Surgeon<\/td>\n<td width=\"76\">Surgeon<\/td>\n<td width=\"123\">Vascular reconstruction<\/td>\n<td width=\"76\">Assist<\/td>\n<td width=\"76\">Assist\/ Surgeon<\/td>\n<\/tr>\n<tr>\n<td width=\"113\">Laparoscopic Cholecystectomy<\/td>\n<td width=\"76\">Surgeon<\/td>\n<td width=\"76\">Surgeon<\/td>\n<td width=\"123\">Pelvic exenteration<\/td>\n<td width=\"76\">Assist<\/td>\n<td width=\"76\">Assist\/ Surgeon<\/td>\n<\/tr>\n<tr>\n<td width=\"113\">Open Cholecystectomy<\/td>\n<td width=\"76\">Assist\/ Surgeon<\/td>\n<td width=\"76\">Surgeon<\/td>\n<td width=\"123\">Low Anterior Resection<\/td>\n<td width=\"76\">Assist\/ Surgeon<\/td>\n<td width=\"76\">Surgeon<\/td>\n<\/tr>\n<tr>\n<td width=\"113\">Umbilical Hernia Repair<\/td>\n<td width=\"76\">Surgeon<\/td>\n<td width=\"76\">Surgeon<\/td>\n<td width=\"123\">Abdominoperineal resection<\/td>\n<td width=\"76\">Assist\/ Surgeon<\/td>\n<td width=\"76\">Assist\/ Surgeon<\/td>\n<\/tr>\n<tr>\n<td width=\"113\">Laparoscopic inguinal hernia repair<\/td>\n<td width=\"76\">Assist\/ Surgeon<\/td>\n<td width=\"76\">Surgeon<\/td>\n<td width=\"123\">Liver resection<\/td>\n<td width=\"76\">Assist\/ Surgeon<\/td>\n<td width=\"76\">Assist\/ Surgeon<\/td>\n<\/tr>\n<tr>\n<td width=\"113\">Open inguinal hernia repair<\/td>\n<td width=\"76\">Surgeon<\/td>\n<td width=\"76\">Surgeon<\/td>\n<td width=\"123\">Whipple Procedure<\/td>\n<td width=\"76\">Assist\/ Surgeon<\/td>\n<td width=\"76\">Assist\/ Surgeon<\/td>\n<\/tr>\n<tr>\n<td width=\"113\">Lysis of Adhesions<\/td>\n<td width=\"76\">Surgeon<\/td>\n<td width=\"76\">Surgeon<\/td>\n<td width=\"123\">Common Bile Duct Exploration<\/td>\n<td width=\"76\">Assist<\/td>\n<td width=\"76\">Assist\/ Surgeon<\/td>\n<\/tr>\n<tr>\n<td width=\"113\">Small bowel resection\/ reanastamosis<\/td>\n<td width=\"76\">Assist\/ Surgeon<\/td>\n<td width=\"76\">Surgeon<\/td>\n<td width=\"123\">Thyroidectomy<\/td>\n<td width=\"76\">Assist\/ Surgeon<\/td>\n<td width=\"76\">Surgeon<\/td>\n<\/tr>\n<tr>\n<td width=\"113\">Colectomy (hemi\/STC)<\/td>\n<td width=\"76\">Assist\/ Surgeon<\/td>\n<td width=\"76\">Surgeon<\/td>\n<td width=\"123\">Parathyroidectomy<\/td>\n<td width=\"76\">Assist<\/td>\n<td width=\"76\">Assist\/ Surgeon<\/td>\n<\/tr>\n<tr>\n<td width=\"113\">Breast Lumpectomy<\/td>\n<td width=\"76\">Surgeon<\/td>\n<td width=\"76\">Surgeon<\/td>\n<td width=\"123\">Parotidectomy<\/td>\n<td width=\"76\">Assist<\/td>\n<td width=\"76\">Assist\/ Surgeon<\/td>\n<\/tr>\n<tr>\n<td width=\"113\">Mastectomy<\/td>\n<td width=\"76\">Assist\/ Surgeon<\/td>\n<td width=\"76\">Surgeon<\/td>\n<td width=\"123\">Transplant<\/td>\n<td width=\"76\">Assist<\/td>\n<td width=\"76\">Assist\/ Surgeon<\/td>\n<\/tr>\n<\/tbody>\n<\/table>\n[\/vc_column_text][\/vc_column][\/vc_row]\n<\/div>","protected":false},"excerpt":{"rendered":"<p>[vc_row][vc_column][vc_column_text] LES PROGRAMMES DE CHIRURGIE G\u00c9N\u00c9RALE SONT PASS\u00c9S \u00c0 UN MOD\u00c8LE COMP\u00c9TENCE PAR CONCEPTION (CBD EN ANGLAIS) EN JUILLET 2020. [\/vc_column_text][vc_column_text]Ce mod\u00e8le d&#8217;\u00e9ducation repose sur la formation sp\u00e9cialis\u00e9e qui est divis\u00e9e en \u00e9tapes distinctes avec des objectifs d&#8217;apprentissage clairs pour chacune, appel\u00e9s Activit\u00e9s Professionnelles Confiables (APC). Il s&#8217;agit d&#8217;une combinaison d&#8217;apprentissages bas\u00e9s sur le temps [&hellip;]<\/p>\n","protected":false},"author":8138,"featured_media":0,"parent":56956,"menu_order":0,"comment_status":"closed","ping_status":"closed","template":"","meta":{"_bbp_topic_count":0,"_bbp_reply_count":0,"_bbp_total_topic_count":0,"_bbp_total_reply_count":0,"_bbp_voice_count":0,"_bbp_anonymous_reply_count":0,"_bbp_topic_count_hidden":0,"_bbp_reply_count_hidden":0,"_bbp_forum_subforum_count":0,"footnotes":""},"categories":[],"class_list":["post-57053","page","type-page","status-publish","hentry","user-has-not-earned"],"_links":{"self":[{"href":"https:\/\/cags-accg.ca\/fr\/wp-json\/wp\/v2\/pages\/57053","targetHints":{"allow":["GET"]}}],"collection":[{"href":"https:\/\/cags-accg.ca\/fr\/wp-json\/wp\/v2\/pages"}],"about":[{"href":"https:\/\/cags-accg.ca\/fr\/wp-json\/wp\/v2\/types\/page"}],"author":[{"embeddable":true,"href":"https:\/\/cags-accg.ca\/fr\/wp-json\/wp\/v2\/users\/8138"}],"replies":[{"embeddable":true,"href":"https:\/\/cags-accg.ca\/fr\/wp-json\/wp\/v2\/comments?post=57053"}],"version-history":[{"count":2,"href":"https:\/\/cags-accg.ca\/fr\/wp-json\/wp\/v2\/pages\/57053\/revisions"}],"predecessor-version":[{"id":57055,"href":"https:\/\/cags-accg.ca\/fr\/wp-json\/wp\/v2\/pages\/57053\/revisions\/57055"}],"up":[{"embeddable":true,"href":"https:\/\/cags-accg.ca\/fr\/wp-json\/wp\/v2\/pages\/56956"}],"wp:attachment":[{"href":"https:\/\/cags-accg.ca\/fr\/wp-json\/wp\/v2\/media?parent=57053"}],"wp:term":[{"taxonomy":"category","embeddable":true,"href":"https:\/\/cags-accg.ca\/fr\/wp-json\/wp\/v2\/categories?post=57053"}],"curies":[{"name":"wp","href":"https:\/\/api.w.org\/{rel}","templated":true}]}}