{"id":57057,"date":"2022-06-28T15:37:50","date_gmt":"2022-06-28T19:37:50","guid":{"rendered":"https:\/\/cags-accg.ca\/guide-de-survie-residence\/national-exams\/"},"modified":"2024-02-10T14:28:08","modified_gmt":"2024-02-10T19:28:08","slug":"examens-nationaux","status":"publish","type":"page","link":"https:\/\/cags-accg.ca\/fr\/guide-de-survie-residence\/examens-nationaux\/","title":{"rendered":"Examens nationaux"},"content":{"rendered":"<div class=\"wpb-content-wrapper\">[vc_row][vc_column][vc_separator color=&#8221;custom&#8221; style=&#8221;shadow&#8221; border_width=&#8221;2&#8243; el_width=&#8221;80&#8243; accent_color=&#8221;#c19469&#8243;][vc_column_text el_id=&#8221;LMCC-II&#8221;]\n<h2><span style=\"font-weight: 400; color: #9e2432;\">LMCC II<\/span><\/h2>\n[\/vc_column_text][vc_column_text]Version clinique du LMCC I qui n\u2019est plus obligatoire pour les r\u00e9sidents canadiens suite \u00e0 la pand\u00e9mie de COVID-19. C\u2019est suffisant d&#8217;avoir compl\u00e9t\u00e9 le LMCC I avant de rentrer \u00e0 la r\u00e9sidence.[\/vc_column_text][vc_separator color=&#8221;custom&#8221; border_width=&#8221;2&#8243; el_width=&#8221;80&#8243; accent_color=&#8221;#9e2432&#8243;][vc_column_text el_id=&#8221;Surgical-Foundations&#8221;]\n<h2><span style=\"font-weight: 400; color: #9e2432;\">Fondements chirurgicaux<\/span><\/h2>\n[\/vc_column_text][vc_column_text]Les Fondements chirurgicaux est un programme qui offre un curriculum commun sur les comp\u00e9tences fondamentales de la chirurgie pour les r\u00e9sidents de toutes les sp\u00e9cialit\u00e9s chirurgicales, en parall\u00e8le avec leur formation dans leur sp\u00e9cialit\u00e9 chirurgicale respective. Dans la plupart des \u00e9tablissements, cela se pr\u00e9sente sous la forme d&#8217;une demi-journ\u00e9e acad\u00e9mique hebdomadaire tout au long de la premi\u00e8re ann\u00e9e de r\u00e9sidence (R1) et jusqu&#8217;\u00e0 la deuxi\u00e8me ann\u00e9e de r\u00e9sidence (R2), en pr\u00e9paration de l&#8217;examen des Fondements chirurgicaux. Cet examen, administr\u00e9 par le Coll\u00e8ge royal, est g\u00e9n\u00e9ralement pass\u00e9 \u00e0 l&#8217;automne de la deuxi\u00e8me ann\u00e9e de r\u00e9sidence (R2). Les r\u00e9sidents en chirurgie doivent r\u00e9ussir cet examen au cours de leur formation. Tous les r\u00e9sidents de sp\u00e9cialit\u00e9s chirurgicales doivent le compl\u00e9ter. Pour \u00eatre admissible, il faut soumettre une demande d\u2019\u00e9valuation de votre formation au Coll\u00e8ge royal <strong>plus de 12 mois en avance de la date pr\u00e9vue <\/strong>(<strong>31 ao\u00fbt<\/strong> pour l\u2019examen de l\u2019automne suivant, au frais de\u00a0$730 avant la date butoir). Vous recevez ensuite un courriel au mois de mars suivant avec le formulaire d\u2019inscription et les frais \u00e0 d\u00e9bourser pour l\u2019examen (date butoir\u00a0: <strong>15 avril 2024<\/strong> au frais\u00a0de $825).<\/p>\n<p>Dates d\u2019examens pr\u00e9vus:<\/p>\n<ul>\n<li>14-15 septembre, 2023<\/li>\n<li>12-13 septembre 2024<\/li>\n<\/ul>\n<p>Pour confirmer votre admissibilit\u00e9: <a href=\"https:\/\/www.royalcollege.ca\/rcsite\/credentials-exams-f#one\">https:\/\/www.royalcollege.ca\/rcsite\/credentials-exams-f#one<\/a><\/p>\n<p>Pour l\u2019inscription: plus de d\u00e9tails vous seront fournis par vos programmes d\u2019\u00e9tudes au printemps de votre premier ann\u00e9e de r\u00e9sidence<\/p>\n<p>Suggestions pour la pr\u00e9paration\u00a0: la plupart des r\u00e9sidents choisissent entre les livres Sabiston, Schwarts et\/ou Absite Review pour d\u00e9buter. Les sujets additionnels se prennent des r\u00e9f\u00e9rences suivantes\u00a0:<\/p>\n<ul>\n<li>Soins avanc\u00e9s en prise en charge initiale des patients polytraumatis\u00e9s (ATLS)<\/li>\n<li>La <a href=\"https:\/\/professionaleducation.blood.ca\/fr\">Soci\u00e9t\u00e9 canadienne du sang<\/a>.<\/li>\n<li>Les banques de questions. Elles sont tr\u00e8s utiles et facilement accessibles via les r\u00e9sidents s\u00e9niors. Lisez autour des questions pour trouver les r\u00e9ponses. Les questions se r\u00e9p\u00e8tent souvent d\u2019une ann\u00e9e \u00e0 l\u2019autre. Certains programmes vous offrent acc\u00e8s au <a href=\"https:\/\/canadaqbank.com\/rcsfe.php\">CanadaQBank<\/a><\/li>\n<\/ul>\n[\/vc_column_text][vc_separator color=&#8221;custom&#8221; border_width=&#8221;2&#8243; el_width=&#8221;80&#8243; accent_color=&#8221;#9e2432&#8243;][vc_column_text el_id=&#8221;CAGS-Practice-Exam&#8221;]\n<h2><span style=\"font-weight: 400; color: #9e2432;\">Examen de l\u2019ACCG<\/span><\/h2>\n[\/vc_column_text][vc_column_text]Ceci est un examen national \u00e0 choix multiples qui est compl\u00e9t\u00e9 annuellement par tous les r\u00e9sidents en chirurgie g\u00e9n\u00e9rale (R1-R5), habituellement au mois de novembre- d\u00e9cembre. Son objectif est de vous pr\u00e9parer pour vos examens finissants du Coll\u00e8ge royal et de mesurer votre progression acad\u00e9mique au cours des ann\u00e9es de formation. Vos notes sont compar\u00e9es d\u2019une ann\u00e9e \u00e0 l\u2019autre ainsi qu\u2019\u00e0 celles de votre cohorte.<\/p>\n<p><a href=\"https:\/\/cags-accg.ca\/education\/cags-exam-preparation\/\">https:\/\/cags-accg.ca\/education\/cags-exam-preparation\/<\/a>[\/vc_column_text][vc_separator color=&#8221;custom&#8221; border_width=&#8221;2&#8243; el_width=&#8221;80&#8243; accent_color=&#8221;#9e2432&#8243;][vc_column_text el_id=&#8221;Royal-College-Exam&#8221;]\n<h2><span style=\"font-weight: 400; color: #9e2432;\">Examen du Coll\u00e8ge royal<\/span><\/h2>\n[\/vc_column_text][vc_column_text]Ceci est l\u2019examen final avant de devenir un chirurgien immatricul\u00e9 au Canada. Il consiste de deux parties: un \u00e9crit et un oral. Pour \u00eatre admissible, il faut soumettre une demande d\u2019\u00e9valuation de votre formation au coll\u00e8ge royal le printemps avant que de planifier l\u2019\u00e9crit. L\u2019inscription ouvre l\u2019automne avant de l\u2019examen. Les p\u00e9nalit\u00e9s de retard sont co\u00fbteuses, essayer de ne pas le rater!<\/p>\n<p>La partie \u00e9crite est compos\u00e9e de deux sections avec 100-110 questions \u00e0 choix multiples. Vous aurez trois heures pour compl\u00e9ter chaque section. Le parti oral est compos\u00e9 de huit stations d&#8217;une dur\u00e9e de quinze minutes dans lesquelles des sc\u00e9narios cliniques vous seront attribu\u00e9s. Aucun feedback ne vous sera donn\u00e9. Il faut une note minimum de 70% dans la portion \u00e9crite pour \u00eatre admissible \u00e0 la partie orale.<\/p>\n<p>Dates d\u2019examens pr\u00e9vus::<\/p>\n<ul>\n<li>\u00c9crit: 11-12 mars, 2024<\/li>\n<li>Oral: 24 mai, 2024<\/li>\n<\/ul>\n<p>Pour un demande d\u2019\u00e9valuation de la formation: <a href=\"https:\/\/www.royalcollege.ca\/rcsite\/credentials-exams-f\">https:\/\/www.royalcollege.ca\/rcsite\/credentials-exams-f<\/a><\/p>\n<p>Pour l\u2019inscription \u00e0 l\u2019examen:\u00a0Plus de d\u00e9tails vous seront fournis par vos programmes d\u2019\u00e9tudes l\u2019automne pr\u00e9alable<\/p>\n<p>Pr\u00e9paration\u00a0: Cet examen couvre tout le mat\u00e9riel requis pour un chirurgien g\u00e9n\u00e9ral pratiquant au Canada. Un <a href=\"https:\/\/www.royalcollege.ca\/rcsite\/ibd-search-e?N=10000033+10000034+4294967081&amp;label=General%20Surgery\">document officiel qui \u00e9num\u00e8re toutes les comp\u00e9tences<\/a> requises peut servir comme guide de vos \u00e9tudes. Formez un groupe d\u2019\u00e9tude et rencontrez-vous r\u00e9guli\u00e8rement. Divisez la mati\u00e8re en sujets et choisissez des lectures appropri\u00e9es. Passez au travers des sujets un \u00e0 la fois (p. ex. foie, sein, colorectal, etc.). Participez \u00e0 des pratiques d\u2019examen oral d\u00e8s votre deuxi\u00e8me ann\u00e9e. Pour plus d\u2019informations, consultez le site web du <a href=\"https:\/\/www.royalcollege.ca\/rcsite\/documents\/ibd\/general_surgery_examformat_e\">Coll\u00e8ge royal.<\/a>[\/vc_column_text][\/vc_column][\/vc_row]\n<\/div>","protected":false},"excerpt":{"rendered":"<p>[vc_row][vc_column][vc_separator color=&#8221;custom&#8221; style=&#8221;shadow&#8221; border_width=&#8221;2&#8243; el_width=&#8221;80&#8243; accent_color=&#8221;#c19469&#8243;][vc_column_text el_id=&#8221;LMCC-II&#8221;] LMCC II [\/vc_column_text][vc_column_text]Version clinique du LMCC I qui n\u2019est plus obligatoire pour les r\u00e9sidents canadiens suite \u00e0 la pand\u00e9mie de COVID-19. C\u2019est suffisant d&#8217;avoir compl\u00e9t\u00e9 le LMCC I avant de rentrer \u00e0 la r\u00e9sidence.[\/vc_column_text][vc_separator color=&#8221;custom&#8221; border_width=&#8221;2&#8243; el_width=&#8221;80&#8243; accent_color=&#8221;#9e2432&#8243;][vc_column_text el_id=&#8221;Surgical-Foundations&#8221;] Fondements chirurgicaux [\/vc_column_text][vc_column_text]Les Fondements chirurgicaux est un programme qui [&hellip;]<\/p>\n","protected":false},"author":8138,"featured_media":0,"parent":56956,"menu_order":0,"comment_status":"closed","ping_status":"closed","template":"","meta":{"_bbp_topic_count":0,"_bbp_reply_count":0,"_bbp_total_topic_count":0,"_bbp_total_reply_count":0,"_bbp_voice_count":0,"_bbp_anonymous_reply_count":0,"_bbp_topic_count_hidden":0,"_bbp_reply_count_hidden":0,"_bbp_forum_subforum_count":0,"footnotes":""},"categories":[],"class_list":["post-57057","page","type-page","status-publish","hentry","user-has-not-earned"],"_links":{"self":[{"href":"https:\/\/cags-accg.ca\/fr\/wp-json\/wp\/v2\/pages\/57057","targetHints":{"allow":["GET"]}}],"collection":[{"href":"https:\/\/cags-accg.ca\/fr\/wp-json\/wp\/v2\/pages"}],"about":[{"href":"https:\/\/cags-accg.ca\/fr\/wp-json\/wp\/v2\/types\/page"}],"author":[{"embeddable":true,"href":"https:\/\/cags-accg.ca\/fr\/wp-json\/wp\/v2\/users\/8138"}],"replies":[{"embeddable":true,"href":"https:\/\/cags-accg.ca\/fr\/wp-json\/wp\/v2\/comments?post=57057"}],"version-history":[{"count":2,"href":"https:\/\/cags-accg.ca\/fr\/wp-json\/wp\/v2\/pages\/57057\/revisions"}],"predecessor-version":[{"id":57059,"href":"https:\/\/cags-accg.ca\/fr\/wp-json\/wp\/v2\/pages\/57057\/revisions\/57059"}],"up":[{"embeddable":true,"href":"https:\/\/cags-accg.ca\/fr\/wp-json\/wp\/v2\/pages\/56956"}],"wp:attachment":[{"href":"https:\/\/cags-accg.ca\/fr\/wp-json\/wp\/v2\/media?parent=57057"}],"wp:term":[{"taxonomy":"category","embeddable":true,"href":"https:\/\/cags-accg.ca\/fr\/wp-json\/wp\/v2\/categories?post=57057"}],"curies":[{"name":"wp","href":"https:\/\/api.w.org\/{rel}","templated":true}]}}