{"id":57065,"date":"2022-06-29T16:22:44","date_gmt":"2022-06-29T20:22:44","guid":{"rendered":"https:\/\/cags-accg.ca\/guide-de-survie-residence\/global-surgery\/"},"modified":"2024-02-10T14:43:57","modified_gmt":"2024-02-10T19:43:57","slug":"chirurgie-internationale","status":"publish","type":"page","link":"https:\/\/cags-accg.ca\/fr\/guide-de-survie-residence\/chirurgie-internationale\/","title":{"rendered":"Chirurgie internationale"},"content":{"rendered":"<div class=\"wpb-content-wrapper\">[vc_row][vc_column][vc_separator color=&#8221;custom&#8221; style=&#8221;shadow&#8221; border_width=&#8221;2&#8243; el_width=&#8221;80&#8243; accent_color=&#8221;#c19469&#8243;][vc_column_text]\n<h3><span style=\"font-weight: 400; color: #c19469;\">Int\u00e9ress\u00e9(e) \u00e0 participer \u00e0 un stage de chirurgie \u00e0 l\u2019internationale? <\/span><\/h3>\n<p>Plusieurs r\u00e9sidents esp\u00e8rent tenter une exp\u00e9rience internationale dans leur r\u00e9sidence. Ci-bas sont des ressources en ligne disponibles pour aider \u00e0 r\u00e9aliser ces projets soit sous forme de recherche, stages et plus. Cette liste est non-exhaustive. Certaines universit\u00e9s ont des d\u00e9partements \u00e9tablis sp\u00e9cifiquement pour r\u00e9pondre \u00e0 cette demande. Informez-vous aupr\u00e8s de votre directeur de programme.[\/vc_column_text][vc_column_text el_id=&#8221;Key-Websites&#8221;]\n<h2><span style=\"font-weight: 400; color: #9e2432;\">Sites web principaux<\/span><\/h2>\n[\/vc_column_text][vc_column_text]\n<ul>\n<li><em>Canadian Association of General Surgery (CAGS) International Surgery Committee <\/em><a href=\"http:\/\/internationalsurgerycanada.com\">http:\/\/internationalsurgerycanada.com<\/a>\n<ul>\n<li>Aide les membres de ACCG int\u00e9ress\u00e9s au monde en d\u00e9veloppement<\/li>\n<li>Partage des r\u00e9f\u00e9rences aux membres de ACCG quant \u00e0 la chirurgie internationale. Poss\u00e8de des informations en d\u00e9tails sur les projets chirurgicaux internationaux en collaboration avec l\u2019ACCG et plusieurs initiatives internationales des membres de l\u2019ACCG<\/li>\n<\/ul>\n<\/li>\n<li>Canadian Global Surgery Trainees Alliance\n<ul>\n<li><a href=\"https:\/\/www.cgsta.org\/\">https:\/\/www.cgsta.org\/<\/a><\/li>\n<\/ul>\n<\/li>\n<li>Bethune Round Table<br \/>\n<a href=\"https:\/\/globalsurgery.med.ubc.ca\/bethune-round-table-2022\/\">https:\/\/globalsurgery.med.ubc.ca\/bethune-round-table-2022\/<\/a><\/p>\n<ul>\n<li>Une r\u00e9union interdisciplinaire annuelle vise \u00e0 \u00e9valuer les d\u00e9fis d\u2019accessibilit\u00e9 des soins chirurgicaux aux patients marginalis\u00e9s<\/li>\n<\/ul>\n<\/li>\n<li>Canadian Conference on Global Health (16-18 octobre, 2023, Ottawa,ON) <a href=\"https:\/\/cagh-acsm.org\/en\/events\/canadian-conference-global-health\">https:\/\/cagh-acsm.org\/en\/events\/canadian-conference-global-health<\/a><\/li>\n<\/ul>\n[\/vc_column_text][vc_separator color=&#8221;custom&#8221; el_width=&#8221;80&#8243; accent_color=&#8221;#9e2432&#8243;][vc_column_text el_id=&#8221;Additional-Resources&#8221;]\n<h2><span style=\"font-weight: 400; color: #9e2432;\">Ressources additionnelles<\/span><\/h2>\n[\/vc_column_text][vc_column_text]\n<ul>\n<li><em>American College of Surgeons (ACS) \u2013 Operation Giving Back <\/em><a href=\"http:\/\/www.operationgivingback.facs.org\">http:\/\/www.operationgivingback.facs.org<\/a>\n<ul>\n<li>Partage de l\u2019information pour aider les chirurgiens et r\u00e9sidents en chirurgie \u00e0 trouver et organiser des opportunit\u00e9s de b\u00e9n\u00e9volat \u00e0 travers le monde<\/li>\n<\/ul>\n<\/li>\n<\/ul>\n<ul>\n<li><em>Canadian Network for International Surgery (CNIS) <\/em><a href=\"http:\/\/www.cnis.ca\">http:\/\/www.cnis.ca<\/a>\n<ul>\n<li>L\u2019organisation la plus grande au monde en chirurgie internationale<\/li>\n<li>Poss\u00e8de des programmes dans sept pays africains qui se concentrent sur l\u2019enseignement des habilet\u00e9s chirurgicales, la pr\u00e9vention des blessures et la promotion de la s\u00e9curit\u00e9<\/li>\n<\/ul>\n<\/li>\n<li><em>\u00a0<\/em><em>Organisation Mondiale de la Sant\u00e9 (OMS)<\/em> <a href=\"http:\/\/www.who.int\/surgery\/publications\/imeesc\/en\/index.html\">http:\/\/www.who.int\/surgery\/publications\/imeesc\/en\/index.html<\/a>\n<ul>\n<li>Recommandation de l\u2019OMS pour les standard minimaux en soins chirurgicaux<\/li>\n<\/ul>\n<\/li>\n<\/ul>\n[\/vc_column_text][\/vc_column][\/vc_row]\n<\/div>","protected":false},"excerpt":{"rendered":"<p>[vc_row][vc_column][vc_separator color=&#8221;custom&#8221; style=&#8221;shadow&#8221; border_width=&#8221;2&#8243; el_width=&#8221;80&#8243; accent_color=&#8221;#c19469&#8243;][vc_column_text] Int\u00e9ress\u00e9(e) \u00e0 participer \u00e0 un stage de chirurgie \u00e0 l\u2019internationale? Plusieurs r\u00e9sidents esp\u00e8rent tenter une exp\u00e9rience internationale dans leur r\u00e9sidence. Ci-bas sont des ressources en ligne disponibles pour aider \u00e0 r\u00e9aliser ces projets soit sous forme de recherche, stages et plus. Cette liste est non-exhaustive. Certaines universit\u00e9s ont des [&hellip;]<\/p>\n","protected":false},"author":8138,"featured_media":0,"parent":56956,"menu_order":0,"comment_status":"closed","ping_status":"closed","template":"","meta":{"_bbp_topic_count":0,"_bbp_reply_count":0,"_bbp_total_topic_count":0,"_bbp_total_reply_count":0,"_bbp_voice_count":0,"_bbp_anonymous_reply_count":0,"_bbp_topic_count_hidden":0,"_bbp_reply_count_hidden":0,"_bbp_forum_subforum_count":0,"footnotes":""},"categories":[],"class_list":["post-57065","page","type-page","status-publish","hentry","user-has-not-earned"],"_links":{"self":[{"href":"https:\/\/cags-accg.ca\/fr\/wp-json\/wp\/v2\/pages\/57065","targetHints":{"allow":["GET"]}}],"collection":[{"href":"https:\/\/cags-accg.ca\/fr\/wp-json\/wp\/v2\/pages"}],"about":[{"href":"https:\/\/cags-accg.ca\/fr\/wp-json\/wp\/v2\/types\/page"}],"author":[{"embeddable":true,"href":"https:\/\/cags-accg.ca\/fr\/wp-json\/wp\/v2\/users\/8138"}],"replies":[{"embeddable":true,"href":"https:\/\/cags-accg.ca\/fr\/wp-json\/wp\/v2\/comments?post=57065"}],"version-history":[{"count":2,"href":"https:\/\/cags-accg.ca\/fr\/wp-json\/wp\/v2\/pages\/57065\/revisions"}],"predecessor-version":[{"id":57067,"href":"https:\/\/cags-accg.ca\/fr\/wp-json\/wp\/v2\/pages\/57065\/revisions\/57067"}],"up":[{"embeddable":true,"href":"https:\/\/cags-accg.ca\/fr\/wp-json\/wp\/v2\/pages\/56956"}],"wp:attachment":[{"href":"https:\/\/cags-accg.ca\/fr\/wp-json\/wp\/v2\/media?parent=57065"}],"wp:term":[{"taxonomy":"category","embeddable":true,"href":"https:\/\/cags-accg.ca\/fr\/wp-json\/wp\/v2\/categories?post=57065"}],"curies":[{"name":"wp","href":"https:\/\/api.w.org\/{rel}","templated":true}]}}