{"id":57073,"date":"2022-07-04T13:35:56","date_gmt":"2022-07-04T17:35:56","guid":{"rendered":"https:\/\/cags-accg.ca\/guide-de-survie-residence\/finding-a-job\/"},"modified":"2024-02-10T15:21:19","modified_gmt":"2024-02-10T20:21:19","slug":"trouver-un-emploi","status":"publish","type":"page","link":"https:\/\/cags-accg.ca\/fr\/guide-de-survie-residence\/trouver-un-emploi\/","title":{"rendered":"Trouver un emploi"},"content":{"rendered":"<div class=\"wpb-content-wrapper\">[vc_row][vc_column][vc_column_text]Il n&#8217;est jamais trop t\u00f4t pour commencer \u00e0 r\u00e9fl\u00e9chir \u00e0 ce que vous souhaitez faire \u00e0 la fin de votre r\u00e9sidence et \u00e0 \u00e9tablir des contacts pour votre future carri\u00e8re. Pr\u00e9voyez-vous de faire un fellowship ? D&#8217;entrer directement dans la pratique ? Allez-vous travailler en tant que rempla\u00e7ant ? Tout cela peut sembler accablant par moments et il peut \u00eatre difficile de savoir par o\u00f9 commencer. Dans cette section, nous avons essay\u00e9 de rassembler quelques ressources utiles pour vous aider \u00e0 vous orienter dans la bonne direction au d\u00e9but de votre parcours dans ce processus.<\/p>\n<p><strong>Conseils pour commencer:<\/strong><\/p>\n<ul>\n<li>Commencez \u00e0 r\u00e9fl\u00e9chir \u00e0 vos plans de carri\u00e8re d\u00e8s le d\u00e9but &#8211; il est normal que votre plan \u00e9volue \u00e0 mesure que vous en apprenez davantage sur les diff\u00e9rentes voies de carri\u00e8re en chirurgie g\u00e9n\u00e9rale, mais il est important de commencer au moins \u00e0 y r\u00e9fl\u00e9chir<\/li>\n<li>Gardez votre CV \u00e0 jour &#8211; suivez les activit\u00e9s parascolaires, les comit\u00e9s auxquels vous participez, les recherches et les conf\u00e9rences. Il est beaucoup plus facile de le faire au fur et \u00e0 mesure plut\u00f4t que d&#8217;essayer de se rappeler de tout apr\u00e8s 4 ans, tout en \u00e9tant stress\u00e9 par les d\u00e9lais de candidature.<\/li>\n<li>Faites de la recherche &#8211; c\u2019est important pour les fellowships, qui sont \u00e0 leur tour importants pour trouver un emploi. Tentez d\u2019\u00eatre publi\u00e9 en tant que premier auteur. Surtout, assurez-vous de vous impliquer dans les projets qui vous int\u00e9ressent sinc\u00e8rement.<\/li>\n<li>Trouvez un mentor &#8211; les mentors peuvent vous aider \u00e0 d\u00e9couvrir le cheminement de leur carri\u00e8re, \u00e0 vous renseigner sur diff\u00e9rentes opportunit\u00e9s que vous n&#8217;avez peut-\u00eatre pas envisag\u00e9es ou connues et \u00e0 \u00e9tablir des contacts pour des stages optionnels, des fellowships et des opportunit\u00e9s d&#8217;emploi. Les mentors peuvent \u00eatre des directeurs de programme, des conseillers acad\u00e9miques, des membres du corps professoral ou des r\u00e9sidents seniors. Vous pouvez avoir plus d&#8217;un mentor qui vous aide \u00e0 atteindre vos objectifs de carri\u00e8re.<\/li>\n<li>Options de stages optionnels &#8211; Profitez de l&#8217;occasion pendant vos stages optionnels pour r\u00e9fl\u00e9chir \u00e0 l&#8217;endroit o\u00f9 vous souhaitez travailler ou vous former. De nombreux programmes de fellowship recommandent de faire un stage optionnel dans leur centre avant de postuler. Vous pouvez profiter de ce temps pour vous familiariser avec le programme et la ville. Si vous envisagez un lieu pour votre future pratique, renseignez-vous sur les besoins de la communaut\u00e9. Ont-ils des opportunit\u00e9s d&#8217;emploi \u00e0 venir dont ils sont inform\u00e9s ? Recherchent-ils des comp\u00e9tences particuli\u00e8res ou une formation sp\u00e9cialis\u00e9e chez la personne qu&#8217;ils embauchent ? Ce sont de grandes opportunit\u00e9s pour donner le meilleur de vous-m\u00eame.<\/li>\n<\/ul>\n[\/vc_column_text][vc_column_text]<strong>Ressources pour r\u00e9sidents<\/strong>:<\/p>\n<ul>\n<li>RDOCS: <a href=\"https:\/\/residentdoctors.ca\/areas-of-focus\/career-planning\/\">https:\/\/residentdoctors.ca\/areas-of-focus\/career-planning\/<\/a><\/li>\n<li>Associations provincials (voir la section suivante)<\/li>\n<\/ul>\n<p><strong>Tableaux d\u2019emploi par province<\/strong><\/p>\n<ul>\n<li>CAGS: <a href=\"https:\/\/cags-accg.ca\/career-opportunities\/\">https:\/\/cags-accg.ca\/career-opportunities\/<\/a><\/li>\n<li>Colombie-Britannique: <a href=\"https:\/\/www.healthmatchbc.org\/\">https:\/\/www.healthmatchbc.org\/<\/a><\/li>\n<li>Alberta: <a href=\"https:\/\/www.doctorjobsalberta.com\/searchresults.aspx\">https:\/\/www.doctorjobsalberta.com\/searchresults.aspx<\/a><\/li>\n<li>Saskatchewan: <a href=\"https:\/\/www.saskdocs.ca\/work\/opportunities\/\">https:\/\/www.saskdocs.ca\/work\/opportunities\/<\/a><\/li>\n<li>Manitoba: <a href=\"https:\/\/healthcareersmanitoba.ca\/opportunities\/\">https:\/\/healthcareersmanitoba.ca\/opportunities\/<\/a><\/li>\n<li>Ontario: <a href=\"http:\/\/www.oags.org\/joblisting.html\">http:\/\/www.oags.org\/joblisting.html<\/a><\/li>\n<li>Qu\u00e9bec: <a href=\"https:\/\/www.msss.gouv.qc.ca\/professionnels\/medecine-au-quebec\/plans-d-effectifs-medicaux-pem-en-specialite\/\">https:\/\/www.msss.gouv.qc.ca\/professionnels\/medecine-au-quebec\/plans-d-effectifs-medicaux-pem-en-specialite\/<\/a><\/li>\n<li>Nouveau-Brunwsick: <a href=\"https:\/\/nbhealthjobs.com\/current-openings\/\">https:\/\/nbhealthjobs.com\/current-openings\/<\/a><\/li>\n<li>\u00cele du Prince Edouard: <a href=\"https:\/\/www.princeedwardisland.ca\/en\/topic\/jobs-in-health-care\">https:\/\/www.princeedwardisland.ca\/en\/topic\/jobs-in-health-care<\/a><\/li>\n<li>Nouvelle \u00c9cosse: <a href=\"https:\/\/recruitment.nshealth.ca\/about\">https:\/\/recruitment.nshealth.ca\/about<\/a><\/li>\n<li>Terre Neuve et Labrador: <a href=\"https:\/\/www.practicenl.ca\/?\/jobs\/default.asp\">https:\/\/www.practicenl.ca\/?\/jobs\/default.asp<\/a><\/li>\n<li>Yukon: <a href=\"https:\/\/yukondoctors.ca\/\">https:\/\/yukondoctors.ca\/<\/a><\/li>\n<li>Territoires du Nord-Ouest: <a href=\"https:\/\/www.practicenwt.ca\/en\/physician-careers\">https:\/\/www.practicenwt.ca\/en\/physician-careers<\/a><\/li>\n<li>Nunavut: ??<a href=\"https:\/\/nuphysicians.ca\/practice\/opportunities-available\">https:\/\/nuphysicians.ca\/practice\/opportunities-available<\/a><\/li>\n<\/ul>\n[\/vc_column_text][\/vc_column][\/vc_row]\n<\/div>","protected":false},"excerpt":{"rendered":"<p>[vc_row][vc_column][vc_column_text]Il n&#8217;est jamais trop t\u00f4t pour commencer \u00e0 r\u00e9fl\u00e9chir \u00e0 ce que vous souhaitez faire \u00e0 la fin de votre r\u00e9sidence et \u00e0 \u00e9tablir des contacts pour votre future carri\u00e8re. Pr\u00e9voyez-vous de faire un fellowship ? D&#8217;entrer directement dans la pratique ? Allez-vous travailler en tant que rempla\u00e7ant ? Tout cela peut sembler accablant par [&hellip;]<\/p>\n","protected":false},"author":8138,"featured_media":0,"parent":56956,"menu_order":0,"comment_status":"closed","ping_status":"closed","template":"","meta":{"_bbp_topic_count":0,"_bbp_reply_count":0,"_bbp_total_topic_count":0,"_bbp_total_reply_count":0,"_bbp_voice_count":0,"_bbp_anonymous_reply_count":0,"_bbp_topic_count_hidden":0,"_bbp_reply_count_hidden":0,"_bbp_forum_subforum_count":0,"footnotes":""},"categories":[],"class_list":["post-57073","page","type-page","status-publish","hentry","user-has-not-earned"],"_links":{"self":[{"href":"https:\/\/cags-accg.ca\/fr\/wp-json\/wp\/v2\/pages\/57073","targetHints":{"allow":["GET"]}}],"collection":[{"href":"https:\/\/cags-accg.ca\/fr\/wp-json\/wp\/v2\/pages"}],"about":[{"href":"https:\/\/cags-accg.ca\/fr\/wp-json\/wp\/v2\/types\/page"}],"author":[{"embeddable":true,"href":"https:\/\/cags-accg.ca\/fr\/wp-json\/wp\/v2\/users\/8138"}],"replies":[{"embeddable":true,"href":"https:\/\/cags-accg.ca\/fr\/wp-json\/wp\/v2\/comments?post=57073"}],"version-history":[{"count":2,"href":"https:\/\/cags-accg.ca\/fr\/wp-json\/wp\/v2\/pages\/57073\/revisions"}],"predecessor-version":[{"id":57075,"href":"https:\/\/cags-accg.ca\/fr\/wp-json\/wp\/v2\/pages\/57073\/revisions\/57075"}],"up":[{"embeddable":true,"href":"https:\/\/cags-accg.ca\/fr\/wp-json\/wp\/v2\/pages\/56956"}],"wp:attachment":[{"href":"https:\/\/cags-accg.ca\/fr\/wp-json\/wp\/v2\/media?parent=57073"}],"wp:term":[{"taxonomy":"category","embeddable":true,"href":"https:\/\/cags-accg.ca\/fr\/wp-json\/wp\/v2\/categories?post=57073"}],"curies":[{"name":"wp","href":"https:\/\/api.w.org\/{rel}","templated":true}]}}