{"id":57077,"date":"2022-07-04T13:38:03","date_gmt":"2022-07-04T17:38:03","guid":{"rendered":"https:\/\/cags-accg.ca\/guide-de-survie-residence\/professional-and-resident-associations\/"},"modified":"2024-02-10T21:31:27","modified_gmt":"2024-02-11T02:31:27","slug":"ressources-professionnelles-et-associations","status":"publish","type":"page","link":"https:\/\/cags-accg.ca\/fr\/guide-de-survie-residence\/ressources-professionnelles-et-associations\/","title":{"rendered":"Ressources professionnelles et associations de r\u00e9sidents"},"content":{"rendered":"<div class=\"wpb-content-wrapper\">[vc_row][vc_column][vc_column_text]<em>Les noms des organisations sont \u00e9crits dans la langue principale de l\u2019organisme<\/em><\/p>\n<p><strong>Associations de r\u00e9sidents:<\/strong><\/p>\n<ul>\n<li>M\u00e9decins r\u00e9sidents du Canada: <a href=\"https:\/\/residentdoctors.ca\/fr\/\">https:\/\/residentdoctors.ca\/fr\/<\/a><\/li>\n<li>Colombie-brittanique: <a href=\"https:\/\/residentdoctorsbc.ca\/\">https:\/\/residentdoctorsbc.ca\/<\/a><\/li>\n<li>Alberta: <a href=\"https:\/\/www.para-ab.ca\/\">https:\/\/www.para-ab.ca\/<\/a><\/li>\n<li>Saskatchewan: <a href=\"http:\/\/www.residentdoctorssk.ca\/\">http:\/\/www.residentdoctorssk.ca\/<\/a><\/li>\n<li>Manitoba: <a href=\"https:\/\/www.parim.org\/\">https:\/\/www.parim.org\/<\/a><\/li>\n<li>Ontario: <a href=\"https:\/\/myparo.ca\/\">https:\/\/myparo.ca\/<\/a><\/li>\n<li>Qu\u00e9bec: <a href=\"https:\/\/www.fmrq.qc.ca\/en\">https:\/\/www.fmrq.qc.ca\/en<\/a><\/li>\n<li>Provinces maritimes: <a href=\"https:\/\/www.maritimeresidentdoctors.ca\/\">https:\/\/www.maritimeresidentdoctors.ca\/<\/a><\/li>\n<li>Terre-neuve et Labrador: <a href=\"https:\/\/parnl.ca\/\">https:\/\/parnl.ca\/<\/a><\/li>\n<\/ul>\n<p><strong>Associations de chirurgie g\u00e9n\u00e9rale:<\/strong><\/p>\n<ul>\n<li>ACCG: <a href=\"https:\/\/cags-accg.ca\/\">https:\/\/cags-accg.ca\/<\/a><\/li>\n<li>British Columbia Surgical Society: <a href=\"http:\/\/bcss.ca\/#:~:text=The%20BC%20Surgical%20Society's%20mission,purpose%20of%20advancing%20patient%20care\">British Columbia Surgical Society<\/a>.<\/li>\n<li>Alberta Association of General Surgeons: <a href=\"https:\/\/www.aags.ca\/#:~:text=The%20Alberta%20Association%20of%20General,they%20collect%20on%20our%20behalf\">Alberta Association of General Surgeons<\/a>.<\/li>\n<li>Ontario Association of General Surgeons: <a href=\"http:\/\/www.oags.org\/\">http:\/\/www.oags.org\/<\/a><\/li>\n<li>Association qu\u00e9b\u00e9coise de chirurgie: <a href=\"https:\/\/chirurgiequebec.ca\">https:\/\/chirurgiequebec.ca<\/a><\/li>\n<\/ul>\n<p><strong>Associations professionnelles: <\/strong><\/p>\n<ul>\n<li>Association m\u00e9dicale canadienne: <a href=\"https:\/\/www.cma.ca\/fr\">https:\/\/www.cma.ca\/fr<\/a><\/li>\n<li>Doctors of British Columbia: <a href=\"https:\/\/www.doctorsofbc.ca\/\">https:\/\/www.doctorsofbc.ca\/<\/a><\/li>\n<li>Alberta Medical Association: <a href=\"https:\/\/www.albertadoctors.org\/\">https:\/\/www.albertadoctors.org\/<\/a><\/li>\n<li>Saskatchewan Medical Association: <a href=\"https:\/\/www.sma.sk.ca\/\">https:\/\/www.sma.sk.ca\/<\/a><\/li>\n<li>Doctors Manitoba: <a href=\"https:\/\/doctorsmanitoba.ca\/\">https:\/\/doctorsmanitoba.ca\/<\/a><\/li>\n<li>Ontario Medical Association: <a href=\"https:\/\/www.oma.org\/\">https:\/\/www.oma.org\/<\/a><\/li>\n<li>Coll\u00e8ge des m\u00e9decins du Qu\u00e9bec: <a href=\"http:\/\/www.cmq.org\/home.aspx\">http:\/\/www.cmq.org\/home.aspx<\/a><\/li>\n<li>Soci\u00e9t\u00e9 m\u00e9dicale du Nouveau-Brunswick: <a href=\"https:\/\/www.smnb.ca\">https:\/\/www.smnb.ca<\/a><\/li>\n<li>Medical Society of Prince Edward Island: <a href=\"https:\/\/www.mspei.org\/\">https:\/\/www.mspei.org\/<\/a><\/li>\n<li>Doctors Nova Scotia: <a href=\"https:\/\/doctorsns.com\/\">https:\/\/doctorsns.com\/<\/a><\/li>\n<li>Newfoundland and Labrador Medical Association: <a href=\"https:\/\/www.nlma.nl.ca\/\">https:\/\/www.nlma.nl.ca\/<\/a><\/li>\n<li>Yukon Medical Association: <a href=\"https:\/\/www.yukondoctors.ca\/\">https:\/\/www.yukondoctors.ca\/<\/a><\/li>\n<li>Northwest Territories Medical Association: <a href=\"https:\/\/www.facebook.com\/NWTMA\/\">https:\/\/www.facebook.com\/NWTMA\/<\/a><\/li>\n<li>Nunavut: <a href=\"https:\/\/nuphysicians.ca\/\">https:\/\/nuphysicians.ca\/<\/a><\/li>\n<\/ul>\n<p><strong>Autres organisations:<\/strong><\/p>\n<ul>\n<li>American College of Surgeons: <a href=\"https:\/\/www.facs.org\/\">https:\/\/www.facs.org\/<\/a>\n<ul>\n<li>Resident and Associate Society: <a href=\"https:\/\/www.facs.org\/member-services\/ras\">https:\/\/www.facs.org\/member-services\/ras<\/a><\/li>\n<\/ul>\n<\/li>\n<li>Society of American Gastrointestinal and Endoscopic Surgeons (SAGES): <a href=\"https:\/\/www.sages.org\/\">https:\/\/www.sages.org\/<\/a><\/li>\n<li>Society of Surgical Oncology: <a href=\"https:\/\/www.surgonc.org\/\">https:\/\/www.surgonc.org\/<\/a><\/li>\n<li>National Comprehensive Cancer Network (NCCN): <a href=\"https:\/\/www.nccn.org\/\">https:\/\/www.nccn.org\/<\/a><\/li>\n<\/ul>\n[\/vc_column_text][\/vc_column][\/vc_row]\n<\/div>","protected":false},"excerpt":{"rendered":"<p>[vc_row][vc_column][vc_column_text]Les noms des organisations sont \u00e9crits dans la langue principale de l\u2019organisme Associations de r\u00e9sidents: M\u00e9decins r\u00e9sidents du Canada: https:\/\/residentdoctors.ca\/fr\/ Colombie-brittanique: https:\/\/residentdoctorsbc.ca\/ Alberta: https:\/\/www.para-ab.ca\/ Saskatchewan: http:\/\/www.residentdoctorssk.ca\/ Manitoba: https:\/\/www.parim.org\/ Ontario: https:\/\/myparo.ca\/ Qu\u00e9bec: https:\/\/www.fmrq.qc.ca\/en Provinces maritimes: https:\/\/www.maritimeresidentdoctors.ca\/ Terre-neuve et Labrador: https:\/\/parnl.ca\/ Associations de chirurgie g\u00e9n\u00e9rale: ACCG: https:\/\/cags-accg.ca\/ British Columbia Surgical Society: British Columbia Surgical Society. Alberta Association [&hellip;]<\/p>\n","protected":false},"author":8138,"featured_media":0,"parent":56956,"menu_order":0,"comment_status":"closed","ping_status":"closed","template":"","meta":{"_bbp_topic_count":0,"_bbp_reply_count":0,"_bbp_total_topic_count":0,"_bbp_total_reply_count":0,"_bbp_voice_count":0,"_bbp_anonymous_reply_count":0,"_bbp_topic_count_hidden":0,"_bbp_reply_count_hidden":0,"_bbp_forum_subforum_count":0,"footnotes":""},"categories":[],"class_list":["post-57077","page","type-page","status-publish","hentry","user-has-not-earned"],"_links":{"self":[{"href":"https:\/\/cags-accg.ca\/fr\/wp-json\/wp\/v2\/pages\/57077","targetHints":{"allow":["GET"]}}],"collection":[{"href":"https:\/\/cags-accg.ca\/fr\/wp-json\/wp\/v2\/pages"}],"about":[{"href":"https:\/\/cags-accg.ca\/fr\/wp-json\/wp\/v2\/types\/page"}],"author":[{"embeddable":true,"href":"https:\/\/cags-accg.ca\/fr\/wp-json\/wp\/v2\/users\/8138"}],"replies":[{"embeddable":true,"href":"https:\/\/cags-accg.ca\/fr\/wp-json\/wp\/v2\/comments?post=57077"}],"version-history":[{"count":2,"href":"https:\/\/cags-accg.ca\/fr\/wp-json\/wp\/v2\/pages\/57077\/revisions"}],"predecessor-version":[{"id":57079,"href":"https:\/\/cags-accg.ca\/fr\/wp-json\/wp\/v2\/pages\/57077\/revisions\/57079"}],"up":[{"embeddable":true,"href":"https:\/\/cags-accg.ca\/fr\/wp-json\/wp\/v2\/pages\/56956"}],"wp:attachment":[{"href":"https:\/\/cags-accg.ca\/fr\/wp-json\/wp\/v2\/media?parent=57077"}],"wp:term":[{"taxonomy":"category","embeddable":true,"href":"https:\/\/cags-accg.ca\/fr\/wp-json\/wp\/v2\/categories?post=57077"}],"curies":[{"name":"wp","href":"https:\/\/api.w.org\/{rel}","templated":true}]}}